{"id":7010,"date":"2026-03-31T19:30:51","date_gmt":"2026-03-31T19:30:51","guid":{"rendered":"https:\/\/casadolivreiro.pt\/?post_type=product&#038;p=7010"},"modified":"2026-03-31T19:30:51","modified_gmt":"2026-03-31T19:30:51","slug":"quo-vadis-henryk-sienkiewicz","status":"publish","type":"product","link":"https:\/\/casadolivreiro.pt\/index.php\/product\/quo-vadis-henryk-sienkiewicz\/","title":{"rendered":"QUO VADIS? &#8211; Henryk Sienkiewicz"},"content":{"rendered":"<p>QUO VADIS?<\/p>\n<p>Henryk Sienkiewicz<\/p>\n<p>Tradu\u00e7\u00e3o de Leyguarda Ferreira<\/p>\n<p>Colec\u00e7\u00e3o Obras Escolhidas de Autores Escolhidos<\/p>\n<p>Ano de edi\u00e7\u00e3o:<\/p>\n<p>Editor: Romano Torres<\/p>\n<p>Idioma: Portugu\u00eas<\/p>\n<p>Dimens\u00f5es: 12.5 x 3.5 x 19.2cm<\/p>\n<p>Encaderna\u00e7\u00e3o: Capa mole<\/p>\n<p>P\u00e1ginas: 532<\/p>\n","protected":false},"excerpt":{"rendered":"<p>QUO VADIS? Henryk Sienkiewicz Tradu\u00e7\u00e3o de Leyguarda Ferreira Colec\u00e7\u00e3o Obras Escolhidas de Autores Escolhidos Ano de edi\u00e7\u00e3o: Editor: Romano Torres Idioma: Portugu\u00eas Dimens\u00f5es: 12.5 x 3.5 x 19.2cm Encaderna\u00e7\u00e3o: Capa mole P\u00e1ginas: 532<\/p>\n","protected":false},"featured_media":7011,"comment_status":"open","ping_status":"closed","template":"","meta":{"om_disable_all_campaigns":false,"_monsterinsights_skip_tracking":false,"_monsterinsights_sitenote_active":false,"_monsterinsights_sitenote_note":"","_monsterinsights_sitenote_category":0,"_uf_show_specific_survey":0,"_uf_disable_surveys":false},"product_cat":[26],"product_tag":[],"aioseo_notices":[],"jetpack_sharing_enabled":true,"_links":{"self":[{"href":"https:\/\/casadolivreiro.pt\/index.php\/wp-json\/wp\/v2\/product\/7010"}],"collection":[{"href":"https:\/\/casadolivreiro.pt\/index.php\/wp-json\/wp\/v2\/product"}],"about":[{"href":"https:\/\/casadolivreiro.pt\/index.php\/wp-json\/wp\/v2\/types\/product"}],"replies":[{"embeddable":true,"href":"https:\/\/casadolivreiro.pt\/index.php\/wp-json\/wp\/v2\/comments?post=7010"}],"wp:featuredmedia":[{"embeddable":true,"href":"https:\/\/casadolivreiro.pt\/index.php\/wp-json\/wp\/v2\/media\/7011"}],"wp:attachment":[{"href":"https:\/\/casadolivreiro.pt\/index.php\/wp-json\/wp\/v2\/media?parent=7010"}],"wp:term":[{"taxonomy":"product_cat","embeddable":true,"href":"https:\/\/casadolivreiro.pt\/index.php\/wp-json\/wp\/v2\/product_cat?post=7010"},{"taxonomy":"product_tag","embeddable":true,"href":"https:\/\/casadolivreiro.pt\/index.php\/wp-json\/wp\/v2\/product_tag?post=7010"}],"curies":[{"name":"wp","href":"https:\/\/api.w.org\/{rel}","templated":true}]}}