{"id":701,"date":"2024-03-16T21:56:56","date_gmt":"2024-03-16T21:56:56","guid":{"rendered":"https:\/\/casadolivreiro.pt\/?post_type=product&#038;p=701"},"modified":"2024-03-16T21:56:57","modified_gmt":"2024-03-16T21:56:57","slug":"anunciacao-e-natal-na-poesia-portuguesa-antonio-salvado","status":"publish","type":"product","link":"https:\/\/casadolivreiro.pt\/index.php\/product\/anunciacao-e-natal-na-poesia-portuguesa-antonio-salvado\/","title":{"rendered":"ANUNCIA\u00c7\u00c3O E NATAL NA POESIA PORTUGUESA &#8211; Ant\u00f3nio Salvado"},"content":{"rendered":"<p>ANUNCIA\u00c7\u00c3O E NATAL NA POESIA PORTUGUESA<br \/>\nAnt\u00f3nio Salvado<br \/>\nAno de edi\u00e7\u00e3o: 1969<br \/>\nEditor: Editorial Polis, Lisboa<br \/>\nIdioma: Portugu\u00eas<br \/>\nDimens\u00f5es: 12.5 x 1.3 x 19.5 cm<br \/>\nEncaderna\u00e7\u00e3o: Capa mole<br \/>\nP\u00e1ginas: 259<br \/>\nObra com uma vasta recolha de autores e fontes etnogr\u00e1ficas sobre o Natal.<\/p>\n","protected":false},"excerpt":{"rendered":"<p>ANUNCIA\u00c7\u00c3O E NATAL NA POESIA PORTUGUESA Ant\u00f3nio Salvado Ano de edi\u00e7\u00e3o: 1969 Editor: Editorial Polis, Lisboa Idioma: Portugu\u00eas Dimens\u00f5es: 12.5 x 1.3 x 19.5 cm Encaderna\u00e7\u00e3o: Capa mole P\u00e1ginas: 259 Obra com uma vasta recolha de autores e fontes etnogr\u00e1ficas sobre o Natal.<\/p>\n","protected":false},"featured_media":702,"comment_status":"open","ping_status":"closed","template":"","meta":{"om_disable_all_campaigns":false,"_monsterinsights_skip_tracking":false,"_monsterinsights_sitenote_active":false,"_monsterinsights_sitenote_note":"","_monsterinsights_sitenote_category":0,"_uf_show_specific_survey":0,"_uf_disable_surveys":false},"product_cat":[33,27],"product_tag":[],"aioseo_notices":[],"jetpack_sharing_enabled":true,"_links":{"self":[{"href":"https:\/\/casadolivreiro.pt\/index.php\/wp-json\/wp\/v2\/product\/701"}],"collection":[{"href":"https:\/\/casadolivreiro.pt\/index.php\/wp-json\/wp\/v2\/product"}],"about":[{"href":"https:\/\/casadolivreiro.pt\/index.php\/wp-json\/wp\/v2\/types\/product"}],"replies":[{"embeddable":true,"href":"https:\/\/casadolivreiro.pt\/index.php\/wp-json\/wp\/v2\/comments?post=701"}],"wp:featuredmedia":[{"embeddable":true,"href":"https:\/\/casadolivreiro.pt\/index.php\/wp-json\/wp\/v2\/media\/702"}],"wp:attachment":[{"href":"https:\/\/casadolivreiro.pt\/index.php\/wp-json\/wp\/v2\/media?parent=701"}],"wp:term":[{"taxonomy":"product_cat","embeddable":true,"href":"https:\/\/casadolivreiro.pt\/index.php\/wp-json\/wp\/v2\/product_cat?post=701"},{"taxonomy":"product_tag","embeddable":true,"href":"https:\/\/casadolivreiro.pt\/index.php\/wp-json\/wp\/v2\/product_tag?post=701"}],"curies":[{"name":"wp","href":"https:\/\/api.w.org\/{rel}","templated":true}]}}