{"id":7006,"date":"2026-03-31T19:26:50","date_gmt":"2026-03-31T19:26:50","guid":{"rendered":"https:\/\/casadolivreiro.pt\/?post_type=product&#038;p=7006"},"modified":"2026-03-31T19:26:50","modified_gmt":"2026-03-31T19:26:50","slug":"uma-alma-de-mulher-arminda-fortes","status":"publish","type":"product","link":"https:\/\/casadolivreiro.pt\/index.php\/product\/uma-alma-de-mulher-arminda-fortes\/","title":{"rendered":"UMA ALMA DE MULHER &#8211; Arminda Fortes"},"content":{"rendered":"<p>UMA ALMA DE MULHER<\/p>\n<p>Arminda Fortes<\/p>\n<p>Colec\u00e7\u00e3o Portuguesa #12<\/p>\n<p>Ano de edi\u00e7\u00e3o: 1943<\/p>\n<p>Editor: Domingos Barreira, Porto<\/p>\n<p>Idioma: Portugu\u00eas<\/p>\n<p>Dimens\u00f5es: 12.3 x 2 x 18.8cm<\/p>\n<p>Encaderna\u00e7\u00e3o: Capa mole<\/p>\n<p>P\u00e1ginas: 179<\/p>\n","protected":false},"excerpt":{"rendered":"<p>UMA ALMA DE MULHER Arminda Fortes Colec\u00e7\u00e3o Portuguesa #12 Ano de edi\u00e7\u00e3o: 1943 Editor: Domingos Barreira, Porto Idioma: Portugu\u00eas Dimens\u00f5es: 12.3 x 2 x 18.8cm Encaderna\u00e7\u00e3o: Capa mole P\u00e1ginas: 179<\/p>\n","protected":false},"featured_media":7007,"comment_status":"open","ping_status":"closed","template":"","meta":{"om_disable_all_campaigns":false,"_monsterinsights_skip_tracking":false,"_monsterinsights_sitenote_active":false,"_monsterinsights_sitenote_note":"","_monsterinsights_sitenote_category":0,"_uf_show_specific_survey":0,"_uf_disable_surveys":false},"product_cat":[25],"product_tag":[],"aioseo_notices":[],"jetpack_sharing_enabled":true,"_links":{"self":[{"href":"https:\/\/casadolivreiro.pt\/index.php\/wp-json\/wp\/v2\/product\/7006"}],"collection":[{"href":"https:\/\/casadolivreiro.pt\/index.php\/wp-json\/wp\/v2\/product"}],"about":[{"href":"https:\/\/casadolivreiro.pt\/index.php\/wp-json\/wp\/v2\/types\/product"}],"replies":[{"embeddable":true,"href":"https:\/\/casadolivreiro.pt\/index.php\/wp-json\/wp\/v2\/comments?post=7006"}],"wp:featuredmedia":[{"embeddable":true,"href":"https:\/\/casadolivreiro.pt\/index.php\/wp-json\/wp\/v2\/media\/7007"}],"wp:attachment":[{"href":"https:\/\/casadolivreiro.pt\/index.php\/wp-json\/wp\/v2\/media?parent=7006"}],"wp:term":[{"taxonomy":"product_cat","embeddable":true,"href":"https:\/\/casadolivreiro.pt\/index.php\/wp-json\/wp\/v2\/product_cat?post=7006"},{"taxonomy":"product_tag","embeddable":true,"href":"https:\/\/casadolivreiro.pt\/index.php\/wp-json\/wp\/v2\/product_tag?post=7006"}],"curies":[{"name":"wp","href":"https:\/\/api.w.org\/{rel}","templated":true}]}}