{"id":6998,"date":"2026-03-31T19:18:30","date_gmt":"2026-03-31T19:18:30","guid":{"rendered":"https:\/\/casadolivreiro.pt\/?post_type=product&#038;p=6998"},"modified":"2026-03-31T19:18:30","modified_gmt":"2026-03-31T19:18:30","slug":"bertold-brecht-theatre-complet-4-bertold-brecht","status":"publish","type":"product","link":"https:\/\/casadolivreiro.pt\/index.php\/product\/bertold-brecht-theatre-complet-4-bertold-brecht\/","title":{"rendered":"BERTOLD BRECHT: TH\u00c9\u00c2TRE COMPLET  4 &#8211; Bertold Brecht"},"content":{"rendered":"<p>BERTOLD BRECHT: TH\u00c9\u00c2TRE COMPLET\u00a0 4<\/p>\n<p>Bertold Brecht<\/p>\n<p>Ano de edi\u00e7\u00e3o: 1975<\/p>\n<p>Editor: L\u2019Arche, Paris<\/p>\n<p>Idioma: Franc\u00eas<\/p>\n<p>Dimens\u00f5es: 11.5 x 1.7 x 20cm<\/p>\n<p>Encaderna\u00e7\u00e3o: Capa mole<\/p>\n<p>P\u00e1ginas: 332<\/p>\n","protected":false},"excerpt":{"rendered":"<p>BERTOLD BRECHT: TH\u00c9\u00c2TRE COMPLET\u00a0 4 Bertold Brecht Ano de edi\u00e7\u00e3o: 1975 Editor: L\u2019Arche, Paris Idioma: Franc\u00eas Dimens\u00f5es: 11.5 x 1.7 x 20cm Encaderna\u00e7\u00e3o: Capa mole P\u00e1ginas: 332<\/p>\n","protected":false},"featured_media":6999,"comment_status":"open","ping_status":"closed","template":"","meta":{"om_disable_all_campaigns":false,"_monsterinsights_skip_tracking":false,"_monsterinsights_sitenote_active":false,"_monsterinsights_sitenote_note":"","_monsterinsights_sitenote_category":0,"_uf_show_specific_survey":0,"_uf_disable_surveys":false},"product_cat":[56],"product_tag":[],"aioseo_notices":[],"jetpack_sharing_enabled":true,"_links":{"self":[{"href":"https:\/\/casadolivreiro.pt\/index.php\/wp-json\/wp\/v2\/product\/6998"}],"collection":[{"href":"https:\/\/casadolivreiro.pt\/index.php\/wp-json\/wp\/v2\/product"}],"about":[{"href":"https:\/\/casadolivreiro.pt\/index.php\/wp-json\/wp\/v2\/types\/product"}],"replies":[{"embeddable":true,"href":"https:\/\/casadolivreiro.pt\/index.php\/wp-json\/wp\/v2\/comments?post=6998"}],"wp:featuredmedia":[{"embeddable":true,"href":"https:\/\/casadolivreiro.pt\/index.php\/wp-json\/wp\/v2\/media\/6999"}],"wp:attachment":[{"href":"https:\/\/casadolivreiro.pt\/index.php\/wp-json\/wp\/v2\/media?parent=6998"}],"wp:term":[{"taxonomy":"product_cat","embeddable":true,"href":"https:\/\/casadolivreiro.pt\/index.php\/wp-json\/wp\/v2\/product_cat?post=6998"},{"taxonomy":"product_tag","embeddable":true,"href":"https:\/\/casadolivreiro.pt\/index.php\/wp-json\/wp\/v2\/product_tag?post=6998"}],"curies":[{"name":"wp","href":"https:\/\/api.w.org\/{rel}","templated":true}]}}