{"id":6996,"date":"2026-03-31T19:16:51","date_gmt":"2026-03-31T19:16:51","guid":{"rendered":"https:\/\/casadolivreiro.pt\/?post_type=product&#038;p=6996"},"modified":"2026-03-31T19:16:51","modified_gmt":"2026-03-31T19:16:51","slug":"o-homem-que-comprou-um-automovel-w-fernandez-florez","status":"publish","type":"product","link":"https:\/\/casadolivreiro.pt\/index.php\/product\/o-homem-que-comprou-um-automovel-w-fernandez-florez\/","title":{"rendered":"O HOMEM QUE COMPROU UM AUTOMOVEL &#8211; W. Fern\u00e1ndez-Fl\u00f3rez"},"content":{"rendered":"<p>O HOMEM QUE COMPROU UM AUTOMOVEL<\/p>\n<p>W. Fern\u00e1ndez-Fl\u00f3rez<\/p>\n<p>Tradu\u00e7\u00e3o de Alice Ogando<\/p>\n<p>Ano de edi\u00e7\u00e3o: 1942<\/p>\n<p>Editor: Livraria Civiliza\u00e7\u00e3o \u2013 Editora. Porto<\/p>\n<p>Idioma: Portugu\u00eas<\/p>\n<p>Dimens\u00f5es: 13.5 x 1.8 x 19.7cm<\/p>\n<p>Encaderna\u00e7\u00e3o: Capa mole<\/p>\n<p>P\u00e1ginas: 246<\/p>\n","protected":false},"excerpt":{"rendered":"<p>O HOMEM QUE COMPROU UM AUTOMOVEL W. Fern\u00e1ndez-Fl\u00f3rez Tradu\u00e7\u00e3o de Alice Ogando Ano de edi\u00e7\u00e3o: 1942 Editor: Livraria Civiliza\u00e7\u00e3o \u2013 Editora. Porto Idioma: Portugu\u00eas Dimens\u00f5es: 13.5 x 1.8 x 19.7cm Encaderna\u00e7\u00e3o: Capa mole P\u00e1ginas: 246<\/p>\n","protected":false},"featured_media":6997,"comment_status":"open","ping_status":"closed","template":"","meta":{"om_disable_all_campaigns":false,"_monsterinsights_skip_tracking":false,"_monsterinsights_sitenote_active":false,"_monsterinsights_sitenote_note":"","_monsterinsights_sitenote_category":0,"_uf_show_specific_survey":0,"_uf_disable_surveys":false},"product_cat":[25],"product_tag":[],"aioseo_notices":[],"jetpack_sharing_enabled":true,"_links":{"self":[{"href":"https:\/\/casadolivreiro.pt\/index.php\/wp-json\/wp\/v2\/product\/6996"}],"collection":[{"href":"https:\/\/casadolivreiro.pt\/index.php\/wp-json\/wp\/v2\/product"}],"about":[{"href":"https:\/\/casadolivreiro.pt\/index.php\/wp-json\/wp\/v2\/types\/product"}],"replies":[{"embeddable":true,"href":"https:\/\/casadolivreiro.pt\/index.php\/wp-json\/wp\/v2\/comments?post=6996"}],"wp:featuredmedia":[{"embeddable":true,"href":"https:\/\/casadolivreiro.pt\/index.php\/wp-json\/wp\/v2\/media\/6997"}],"wp:attachment":[{"href":"https:\/\/casadolivreiro.pt\/index.php\/wp-json\/wp\/v2\/media?parent=6996"}],"wp:term":[{"taxonomy":"product_cat","embeddable":true,"href":"https:\/\/casadolivreiro.pt\/index.php\/wp-json\/wp\/v2\/product_cat?post=6996"},{"taxonomy":"product_tag","embeddable":true,"href":"https:\/\/casadolivreiro.pt\/index.php\/wp-json\/wp\/v2\/product_tag?post=6996"}],"curies":[{"name":"wp","href":"https:\/\/api.w.org\/{rel}","templated":true}]}}