{"id":6994,"date":"2026-03-31T19:14:41","date_gmt":"2026-03-31T19:14:41","guid":{"rendered":"https:\/\/casadolivreiro.pt\/?post_type=product&#038;p=6994"},"modified":"2026-03-31T19:14:41","modified_gmt":"2026-03-31T19:14:41","slug":"uma-familia-inglesa-julio-dinis","status":"publish","type":"product","link":"https:\/\/casadolivreiro.pt\/index.php\/product\/uma-familia-inglesa-julio-dinis\/","title":{"rendered":"UMA FAM\u00cdLIA INGLESA &#8211; J\u00falio Dinis"},"content":{"rendered":"<p>UMA FAM\u00cdLIA INGLESA<\/p>\n<p>J\u00falio Dinis<\/p>\n<p>Ano de edi\u00e7\u00e3o: 1967<\/p>\n<p>Editor: Livraria Civiliza\u00e7\u00e3o \u2013 Editora. Porto<\/p>\n<p>Idioma: Portugu\u00eas<\/p>\n<p>Dimens\u00f5es: 14 x 2 x 19.7cm<\/p>\n<p>Encaderna\u00e7\u00e3o: Capa mole<\/p>\n<p>P\u00e1ginas: 367<\/p>\n","protected":false},"excerpt":{"rendered":"<p>UMA FAM\u00cdLIA INGLESA J\u00falio Dinis Ano de edi\u00e7\u00e3o: 1967 Editor: Livraria Civiliza\u00e7\u00e3o \u2013 Editora. Porto Idioma: Portugu\u00eas Dimens\u00f5es: 14 x 2 x 19.7cm Encaderna\u00e7\u00e3o: Capa mole P\u00e1ginas: 367<\/p>\n","protected":false},"featured_media":6995,"comment_status":"open","ping_status":"closed","template":"","meta":{"om_disable_all_campaigns":false,"_monsterinsights_skip_tracking":false,"_monsterinsights_sitenote_active":false,"_monsterinsights_sitenote_note":"","_monsterinsights_sitenote_category":0,"_uf_show_specific_survey":0,"_uf_disable_surveys":false},"product_cat":[25],"product_tag":[],"aioseo_notices":[],"jetpack_sharing_enabled":true,"_links":{"self":[{"href":"https:\/\/casadolivreiro.pt\/index.php\/wp-json\/wp\/v2\/product\/6994"}],"collection":[{"href":"https:\/\/casadolivreiro.pt\/index.php\/wp-json\/wp\/v2\/product"}],"about":[{"href":"https:\/\/casadolivreiro.pt\/index.php\/wp-json\/wp\/v2\/types\/product"}],"replies":[{"embeddable":true,"href":"https:\/\/casadolivreiro.pt\/index.php\/wp-json\/wp\/v2\/comments?post=6994"}],"wp:featuredmedia":[{"embeddable":true,"href":"https:\/\/casadolivreiro.pt\/index.php\/wp-json\/wp\/v2\/media\/6995"}],"wp:attachment":[{"href":"https:\/\/casadolivreiro.pt\/index.php\/wp-json\/wp\/v2\/media?parent=6994"}],"wp:term":[{"taxonomy":"product_cat","embeddable":true,"href":"https:\/\/casadolivreiro.pt\/index.php\/wp-json\/wp\/v2\/product_cat?post=6994"},{"taxonomy":"product_tag","embeddable":true,"href":"https:\/\/casadolivreiro.pt\/index.php\/wp-json\/wp\/v2\/product_tag?post=6994"}],"curies":[{"name":"wp","href":"https:\/\/api.w.org\/{rel}","templated":true}]}}