{"id":6990,"date":"2026-03-31T19:11:14","date_gmt":"2026-03-31T19:11:14","guid":{"rendered":"https:\/\/casadolivreiro.pt\/?post_type=product&#038;p=6990"},"modified":"2026-03-31T19:11:14","modified_gmt":"2026-03-31T19:11:14","slug":"a-arte-de-pintar-tristan-klingsor","status":"publish","type":"product","link":"https:\/\/casadolivreiro.pt\/index.php\/product\/a-arte-de-pintar-tristan-klingsor\/","title":{"rendered":"A ARTE DE PINTAR &#8211; Tristan Klingsor"},"content":{"rendered":"<p>A ARTE DE PINTAR<\/p>\n<p>Tristan Klingsor<\/p>\n<p>Tradu\u00e7\u00e3o de M\u00e1rio Dionisio<\/p>\n<p>Colec\u00e7\u00e3o Saber<\/p>\n<p>Ano de edi\u00e7\u00e3o: 1954<\/p>\n<p>Editor: Publica\u00e7\u00f5es Europa_Am\u00e9rica, Lisboa<\/p>\n<p>Idioma: Portugu\u00eas<\/p>\n<p>Dimens\u00f5es: 11.5 x 1 x 18cm<\/p>\n<p>Encaderna\u00e7\u00e3o: Capa mole<\/p>\n<p>P\u00e1ginas: 97<\/p>\n","protected":false},"excerpt":{"rendered":"<p>A ARTE DE PINTAR Tristan Klingsor Tradu\u00e7\u00e3o de M\u00e1rio Dionisio Colec\u00e7\u00e3o Saber Ano de edi\u00e7\u00e3o: 1954 Editor: Publica\u00e7\u00f5es Europa_Am\u00e9rica, Lisboa Idioma: Portugu\u00eas Dimens\u00f5es: 11.5 x 1 x 18cm Encaderna\u00e7\u00e3o: Capa mole P\u00e1ginas: 97<\/p>\n","protected":false},"featured_media":6991,"comment_status":"open","ping_status":"closed","template":"","meta":{"om_disable_all_campaigns":false,"_monsterinsights_skip_tracking":false,"_monsterinsights_sitenote_active":false,"_monsterinsights_sitenote_note":"","_monsterinsights_sitenote_category":0,"_uf_show_specific_survey":0,"_uf_disable_surveys":false},"product_cat":[24],"product_tag":[],"aioseo_notices":[],"jetpack_sharing_enabled":true,"_links":{"self":[{"href":"https:\/\/casadolivreiro.pt\/index.php\/wp-json\/wp\/v2\/product\/6990"}],"collection":[{"href":"https:\/\/casadolivreiro.pt\/index.php\/wp-json\/wp\/v2\/product"}],"about":[{"href":"https:\/\/casadolivreiro.pt\/index.php\/wp-json\/wp\/v2\/types\/product"}],"replies":[{"embeddable":true,"href":"https:\/\/casadolivreiro.pt\/index.php\/wp-json\/wp\/v2\/comments?post=6990"}],"wp:featuredmedia":[{"embeddable":true,"href":"https:\/\/casadolivreiro.pt\/index.php\/wp-json\/wp\/v2\/media\/6991"}],"wp:attachment":[{"href":"https:\/\/casadolivreiro.pt\/index.php\/wp-json\/wp\/v2\/media?parent=6990"}],"wp:term":[{"taxonomy":"product_cat","embeddable":true,"href":"https:\/\/casadolivreiro.pt\/index.php\/wp-json\/wp\/v2\/product_cat?post=6990"},{"taxonomy":"product_tag","embeddable":true,"href":"https:\/\/casadolivreiro.pt\/index.php\/wp-json\/wp\/v2\/product_tag?post=6990"}],"curies":[{"name":"wp","href":"https:\/\/api.w.org\/{rel}","templated":true}]}}