{"id":6986,"date":"2026-03-31T19:06:45","date_gmt":"2026-03-31T19:06:45","guid":{"rendered":"https:\/\/casadolivreiro.pt\/?post_type=product&#038;p=6986"},"modified":"2026-03-31T19:06:46","modified_gmt":"2026-03-31T19:06:46","slug":"lombre-de-la-douleur-daniel-rops","status":"publish","type":"product","link":"https:\/\/casadolivreiro.pt\/index.php\/product\/lombre-de-la-douleur-daniel-rops\/","title":{"rendered":"L\u2019OMBRE DE LA DOULEUR &#8211; Daniel-Rops"},"content":{"rendered":"<p>L\u2019OMBRE DE LA DOULEUR<\/p>\n<p>Daniel-Rops<\/p>\n<p>Ano de edi\u00e7\u00e3o: 1947<\/p>\n<p>Editor: Librairie \u00a0Plon, Paris<\/p>\n<p>Idioma: Franc\u00eas<\/p>\n<p>Dimens\u00f5es: 12 x 1.8 x 18.5cm<\/p>\n<p>Encaderna\u00e7\u00e3o: Capa mole<\/p>\n<p>P\u00e1ginas: 244<\/p>\n","protected":false},"excerpt":{"rendered":"<p>L\u2019OMBRE DE LA DOULEUR Daniel-Rops Ano de edi\u00e7\u00e3o: 1947 Editor: Librairie \u00a0Plon, Paris Idioma: Franc\u00eas Dimens\u00f5es: 12 x 1.8 x 18.5cm Encaderna\u00e7\u00e3o: Capa mole P\u00e1ginas: 244<\/p>\n","protected":false},"featured_media":6987,"comment_status":"open","ping_status":"closed","template":"","meta":{"om_disable_all_campaigns":false,"_monsterinsights_skip_tracking":false,"_monsterinsights_sitenote_active":false,"_monsterinsights_sitenote_note":"","_monsterinsights_sitenote_category":0,"_uf_show_specific_survey":0,"_uf_disable_surveys":false},"product_cat":[56],"product_tag":[],"aioseo_notices":[],"jetpack_sharing_enabled":true,"_links":{"self":[{"href":"https:\/\/casadolivreiro.pt\/index.php\/wp-json\/wp\/v2\/product\/6986"}],"collection":[{"href":"https:\/\/casadolivreiro.pt\/index.php\/wp-json\/wp\/v2\/product"}],"about":[{"href":"https:\/\/casadolivreiro.pt\/index.php\/wp-json\/wp\/v2\/types\/product"}],"replies":[{"embeddable":true,"href":"https:\/\/casadolivreiro.pt\/index.php\/wp-json\/wp\/v2\/comments?post=6986"}],"wp:featuredmedia":[{"embeddable":true,"href":"https:\/\/casadolivreiro.pt\/index.php\/wp-json\/wp\/v2\/media\/6987"}],"wp:attachment":[{"href":"https:\/\/casadolivreiro.pt\/index.php\/wp-json\/wp\/v2\/media?parent=6986"}],"wp:term":[{"taxonomy":"product_cat","embeddable":true,"href":"https:\/\/casadolivreiro.pt\/index.php\/wp-json\/wp\/v2\/product_cat?post=6986"},{"taxonomy":"product_tag","embeddable":true,"href":"https:\/\/casadolivreiro.pt\/index.php\/wp-json\/wp\/v2\/product_tag?post=6986"}],"curies":[{"name":"wp","href":"https:\/\/api.w.org\/{rel}","templated":true}]}}