{"id":6984,"date":"2026-03-31T19:04:27","date_gmt":"2026-03-31T19:04:27","guid":{"rendered":"https:\/\/casadolivreiro.pt\/?post_type=product&#038;p=6984"},"modified":"2026-03-31T19:04:27","modified_gmt":"2026-03-31T19:04:27","slug":"letat-sauvage-georges-conchon","status":"publish","type":"product","link":"https:\/\/casadolivreiro.pt\/index.php\/product\/letat-sauvage-georges-conchon\/","title":{"rendered":"L\u2019\u00c9TAT SAUVAGE &#8211; Georges Conchon"},"content":{"rendered":"<p>L\u2019\u00c9TAT SAUVAGE<\/p>\n<p>Georges Conchon<\/p>\n<p>Ano de edi\u00e7\u00e3o: 1964 (1.\u00aa edi\u00e7\u00e3o)<\/p>\n<p>Editor: \u00c9ditions Albin Michel, Paris<\/p>\n<p>Idioma: Franc\u00eas<\/p>\n<p>Dimens\u00f5es: 13.5 x 1.9 x 20.2cm<\/p>\n<p>Encaderna\u00e7\u00e3o: Capa mole<\/p>\n<p>P\u00e1ginas: 267<\/p>\n","protected":false},"excerpt":{"rendered":"<p>L\u2019\u00c9TAT SAUVAGE Georges Conchon Ano de edi\u00e7\u00e3o: 1964 (1.\u00aa edi\u00e7\u00e3o) Editor: \u00c9ditions Albin Michel, Paris Idioma: Franc\u00eas Dimens\u00f5es: 13.5 x 1.9 x 20.2cm Encaderna\u00e7\u00e3o: Capa mole P\u00e1ginas: 267<\/p>\n","protected":false},"featured_media":6985,"comment_status":"open","ping_status":"closed","template":"","meta":{"om_disable_all_campaigns":false,"_monsterinsights_skip_tracking":false,"_monsterinsights_sitenote_active":false,"_monsterinsights_sitenote_note":"","_monsterinsights_sitenote_category":0,"_uf_show_specific_survey":0,"_uf_disable_surveys":false},"product_cat":[56],"product_tag":[],"aioseo_notices":[],"jetpack_sharing_enabled":true,"_links":{"self":[{"href":"https:\/\/casadolivreiro.pt\/index.php\/wp-json\/wp\/v2\/product\/6984"}],"collection":[{"href":"https:\/\/casadolivreiro.pt\/index.php\/wp-json\/wp\/v2\/product"}],"about":[{"href":"https:\/\/casadolivreiro.pt\/index.php\/wp-json\/wp\/v2\/types\/product"}],"replies":[{"embeddable":true,"href":"https:\/\/casadolivreiro.pt\/index.php\/wp-json\/wp\/v2\/comments?post=6984"}],"wp:featuredmedia":[{"embeddable":true,"href":"https:\/\/casadolivreiro.pt\/index.php\/wp-json\/wp\/v2\/media\/6985"}],"wp:attachment":[{"href":"https:\/\/casadolivreiro.pt\/index.php\/wp-json\/wp\/v2\/media?parent=6984"}],"wp:term":[{"taxonomy":"product_cat","embeddable":true,"href":"https:\/\/casadolivreiro.pt\/index.php\/wp-json\/wp\/v2\/product_cat?post=6984"},{"taxonomy":"product_tag","embeddable":true,"href":"https:\/\/casadolivreiro.pt\/index.php\/wp-json\/wp\/v2\/product_tag?post=6984"}],"curies":[{"name":"wp","href":"https:\/\/api.w.org\/{rel}","templated":true}]}}