{"id":6982,"date":"2026-03-31T19:02:12","date_gmt":"2026-03-31T19:02:12","guid":{"rendered":"https:\/\/casadolivreiro.pt\/?post_type=product&#038;p=6982"},"modified":"2026-03-31T19:02:12","modified_gmt":"2026-03-31T19:02:12","slug":"seroes-da-provincia-chronica-da-aldeia-julio-diniz","status":"publish","type":"product","link":"https:\/\/casadolivreiro.pt\/index.php\/product\/seroes-da-provincia-chronica-da-aldeia-julio-diniz\/","title":{"rendered":"SER\u00d5ES DA PROVINCIA: CHRONICA DA ALDEIA &#8211; Julio Diniz"},"content":{"rendered":"<p>SER\u00d5ES DA PROVINCIA: CHRONICA DA ALDEIA<\/p>\n<p>Julio Diniz<\/p>\n<p>Ano de edi\u00e7\u00e3o: 1920<\/p>\n<p>Editor: J. Rodrigues &amp; Comp., Lisboa<\/p>\n<p>Idioma: Portugu\u00eas<\/p>\n<p>Dimens\u00f5es: 12 x 1.8 x 19cm<\/p>\n<p>Encaderna\u00e7\u00e3o: Capa mole<\/p>\n<p>P\u00e1ginas: 377<\/p>\n","protected":false},"excerpt":{"rendered":"<p>SER\u00d5ES DA PROVINCIA: CHRONICA DA ALDEIA Julio Diniz Ano de edi\u00e7\u00e3o: 1920 Editor: J. Rodrigues &amp; Comp., Lisboa Idioma: Portugu\u00eas Dimens\u00f5es: 12 x 1.8 x 19cm Encaderna\u00e7\u00e3o: Capa mole P\u00e1ginas: 377<\/p>\n","protected":false},"featured_media":6983,"comment_status":"open","ping_status":"closed","template":"","meta":{"om_disable_all_campaigns":false,"_monsterinsights_skip_tracking":false,"_monsterinsights_sitenote_active":false,"_monsterinsights_sitenote_note":"","_monsterinsights_sitenote_category":0,"_uf_show_specific_survey":0,"_uf_disable_surveys":false},"product_cat":[25],"product_tag":[],"aioseo_notices":[],"jetpack_sharing_enabled":true,"_links":{"self":[{"href":"https:\/\/casadolivreiro.pt\/index.php\/wp-json\/wp\/v2\/product\/6982"}],"collection":[{"href":"https:\/\/casadolivreiro.pt\/index.php\/wp-json\/wp\/v2\/product"}],"about":[{"href":"https:\/\/casadolivreiro.pt\/index.php\/wp-json\/wp\/v2\/types\/product"}],"replies":[{"embeddable":true,"href":"https:\/\/casadolivreiro.pt\/index.php\/wp-json\/wp\/v2\/comments?post=6982"}],"wp:featuredmedia":[{"embeddable":true,"href":"https:\/\/casadolivreiro.pt\/index.php\/wp-json\/wp\/v2\/media\/6983"}],"wp:attachment":[{"href":"https:\/\/casadolivreiro.pt\/index.php\/wp-json\/wp\/v2\/media?parent=6982"}],"wp:term":[{"taxonomy":"product_cat","embeddable":true,"href":"https:\/\/casadolivreiro.pt\/index.php\/wp-json\/wp\/v2\/product_cat?post=6982"},{"taxonomy":"product_tag","embeddable":true,"href":"https:\/\/casadolivreiro.pt\/index.php\/wp-json\/wp\/v2\/product_tag?post=6982"}],"curies":[{"name":"wp","href":"https:\/\/api.w.org\/{rel}","templated":true}]}}