{"id":6976,"date":"2026-03-31T18:55:38","date_gmt":"2026-03-31T18:55:38","guid":{"rendered":"https:\/\/casadolivreiro.pt\/?post_type=product&#038;p=6976"},"modified":"2026-03-31T18:55:38","modified_gmt":"2026-03-31T18:55:38","slug":"mysterios-de-lisboa-vol-iii-camillo-castello-branco","status":"publish","type":"product","link":"https:\/\/casadolivreiro.pt\/index.php\/product\/mysterios-de-lisboa-vol-iii-camillo-castello-branco\/","title":{"rendered":"MYSTERIOS  DE LISBOA Vol. III &#8211; Camillo Castello Branco"},"content":{"rendered":"<p>MYSTERIOS\u00a0 DE LISBOA Vol. III<\/p>\n<p>Camillo Castello Branco<\/p>\n<p>Collec\u00e7\u00e3o Camillo Castello Branco<\/p>\n<p>Ano de edi\u00e7\u00e3o:<\/p>\n<p>Editor: Companhia Editora de Publica\u00e7\u00f5es Illustradas, Lisboa<\/p>\n<p>Idioma: Portugu\u00eas<\/p>\n<p>Dimens\u00f5es: 10 x 1.7 x 17cm<\/p>\n<p>Encaderna\u00e7\u00e3o: Capa dura<\/p>\n<p>P\u00e1ginas: 344<\/p>\n","protected":false},"excerpt":{"rendered":"<p>MYSTERIOS\u00a0 DE LISBOA Vol. III Camillo Castello Branco Collec\u00e7\u00e3o Camillo Castello Branco Ano de edi\u00e7\u00e3o: Editor: Companhia Editora de Publica\u00e7\u00f5es Illustradas, Lisboa Idioma: Portugu\u00eas Dimens\u00f5es: 10 x 1.7 x 17cm Encaderna\u00e7\u00e3o: Capa dura P\u00e1ginas: 344<\/p>\n","protected":false},"featured_media":6978,"comment_status":"open","ping_status":"closed","template":"","meta":{"om_disable_all_campaigns":false,"_monsterinsights_skip_tracking":false,"_monsterinsights_sitenote_active":false,"_monsterinsights_sitenote_note":"","_monsterinsights_sitenote_category":0,"_uf_show_specific_survey":0,"_uf_disable_surveys":false},"product_cat":[25],"product_tag":[],"aioseo_notices":[],"jetpack_sharing_enabled":true,"_links":{"self":[{"href":"https:\/\/casadolivreiro.pt\/index.php\/wp-json\/wp\/v2\/product\/6976"}],"collection":[{"href":"https:\/\/casadolivreiro.pt\/index.php\/wp-json\/wp\/v2\/product"}],"about":[{"href":"https:\/\/casadolivreiro.pt\/index.php\/wp-json\/wp\/v2\/types\/product"}],"replies":[{"embeddable":true,"href":"https:\/\/casadolivreiro.pt\/index.php\/wp-json\/wp\/v2\/comments?post=6976"}],"wp:featuredmedia":[{"embeddable":true,"href":"https:\/\/casadolivreiro.pt\/index.php\/wp-json\/wp\/v2\/media\/6978"}],"wp:attachment":[{"href":"https:\/\/casadolivreiro.pt\/index.php\/wp-json\/wp\/v2\/media?parent=6976"}],"wp:term":[{"taxonomy":"product_cat","embeddable":true,"href":"https:\/\/casadolivreiro.pt\/index.php\/wp-json\/wp\/v2\/product_cat?post=6976"},{"taxonomy":"product_tag","embeddable":true,"href":"https:\/\/casadolivreiro.pt\/index.php\/wp-json\/wp\/v2\/product_tag?post=6976"}],"curies":[{"name":"wp","href":"https:\/\/api.w.org\/{rel}","templated":true}]}}