{"id":697,"date":"2024-03-16T21:50:01","date_gmt":"2024-03-16T21:50:01","guid":{"rendered":"https:\/\/casadolivreiro.pt\/?post_type=product&#038;p=697"},"modified":"2024-03-16T21:50:02","modified_gmt":"2024-03-16T21:50:02","slug":"sol-e-nuvens-versos-francisco-pires","status":"publish","type":"product","link":"https:\/\/casadolivreiro.pt\/index.php\/product\/sol-e-nuvens-versos-francisco-pires\/","title":{"rendered":"SOL E NUVENS (Versos) &#8211; Francisco Pires"},"content":{"rendered":"<p>SOL E NUVENS (Versos)<br \/>\nFrancisco Pires<br \/>\nPrimeira edi\u00e7\u00e3o<br \/>\nAno de edi\u00e7\u00e3o: 1979<br \/>\nEditor: A Regenera\u00e7\u00e3o, Figueir\u00f3 dos Vinhos<br \/>\nIdioma: Portugu\u00eas<br \/>\nDimens\u00f5es: 13.8 x 0.7 x 19 cm<br \/>\nEncaderna\u00e7\u00e3o: Capa mole<br \/>\nP\u00e1ginas: 152<br \/>\nExemplar com dedicat\u00f3ria do autor na folha de anterrosto.<\/p>\n","protected":false},"excerpt":{"rendered":"<p>SOL E NUVENS (Versos) Francisco Pires Primeira edi\u00e7\u00e3o Ano de edi\u00e7\u00e3o: 1979 Editor: A Regenera\u00e7\u00e3o, Figueir\u00f3 dos Vinhos Idioma: Portugu\u00eas Dimens\u00f5es: 13.8 x 0.7 x 19 cm Encaderna\u00e7\u00e3o: Capa mole P\u00e1ginas: 152 Exemplar com dedicat\u00f3ria do autor na folha de anterrosto.<\/p>\n","protected":false},"featured_media":698,"comment_status":"open","ping_status":"closed","template":"","meta":{"om_disable_all_campaigns":false,"_monsterinsights_skip_tracking":false,"_monsterinsights_sitenote_active":false,"_monsterinsights_sitenote_note":"","_monsterinsights_sitenote_category":0,"_uf_show_specific_survey":0,"_uf_disable_surveys":false},"product_cat":[27,61],"product_tag":[],"aioseo_notices":[],"jetpack_sharing_enabled":true,"_links":{"self":[{"href":"https:\/\/casadolivreiro.pt\/index.php\/wp-json\/wp\/v2\/product\/697"}],"collection":[{"href":"https:\/\/casadolivreiro.pt\/index.php\/wp-json\/wp\/v2\/product"}],"about":[{"href":"https:\/\/casadolivreiro.pt\/index.php\/wp-json\/wp\/v2\/types\/product"}],"replies":[{"embeddable":true,"href":"https:\/\/casadolivreiro.pt\/index.php\/wp-json\/wp\/v2\/comments?post=697"}],"wp:featuredmedia":[{"embeddable":true,"href":"https:\/\/casadolivreiro.pt\/index.php\/wp-json\/wp\/v2\/media\/698"}],"wp:attachment":[{"href":"https:\/\/casadolivreiro.pt\/index.php\/wp-json\/wp\/v2\/media?parent=697"}],"wp:term":[{"taxonomy":"product_cat","embeddable":true,"href":"https:\/\/casadolivreiro.pt\/index.php\/wp-json\/wp\/v2\/product_cat?post=697"},{"taxonomy":"product_tag","embeddable":true,"href":"https:\/\/casadolivreiro.pt\/index.php\/wp-json\/wp\/v2\/product_tag?post=697"}],"curies":[{"name":"wp","href":"https:\/\/api.w.org\/{rel}","templated":true}]}}