{"id":6960,"date":"2026-03-29T17:36:33","date_gmt":"2026-03-29T17:36:33","guid":{"rendered":"https:\/\/casadolivreiro.pt\/?post_type=product&#038;p=6960"},"modified":"2026-03-29T17:36:33","modified_gmt":"2026-03-29T17:36:33","slug":"o-primo-bazilio-eca-de-queiroz","status":"publish","type":"product","link":"https:\/\/casadolivreiro.pt\/index.php\/product\/o-primo-bazilio-eca-de-queiroz\/","title":{"rendered":"O PRIMO BAZILIO &#8211; E\u00e7a de Queiroz"},"content":{"rendered":"<p>O PRIMO BAZILIO<\/p>\n<p>E\u00e7a de Queiroz<\/p>\n<p>Ano de edi\u00e7\u00e3o: 1922<\/p>\n<p>Editor: Livraria Chadron, de Lelo &amp; Irm\u00e3o C. Porto<\/p>\n<p>Idioma: Portugu\u00eas<\/p>\n<p>Dimens\u00f5es: 11.5 x 3 x 18.3cm<\/p>\n<p>Encaderna\u00e7\u00e3o: Capa dura<\/p>\n<p>P\u00e1ginas: 540<\/p>\n","protected":false},"excerpt":{"rendered":"<p>O PRIMO BAZILIO E\u00e7a de Queiroz Ano de edi\u00e7\u00e3o: 1922 Editor: Livraria Chadron, de Lelo &amp; Irm\u00e3o C. Porto Idioma: Portugu\u00eas Dimens\u00f5es: 11.5 x 3 x 18.3cm Encaderna\u00e7\u00e3o: Capa dura P\u00e1ginas: 540<\/p>\n","protected":false},"featured_media":6961,"comment_status":"open","ping_status":"closed","template":"","meta":{"om_disable_all_campaigns":false,"_monsterinsights_skip_tracking":false,"_monsterinsights_sitenote_active":false,"_monsterinsights_sitenote_note":"","_monsterinsights_sitenote_category":0,"_uf_show_specific_survey":0,"_uf_disable_surveys":false},"product_cat":[25],"product_tag":[],"aioseo_notices":[],"jetpack_sharing_enabled":true,"_links":{"self":[{"href":"https:\/\/casadolivreiro.pt\/index.php\/wp-json\/wp\/v2\/product\/6960"}],"collection":[{"href":"https:\/\/casadolivreiro.pt\/index.php\/wp-json\/wp\/v2\/product"}],"about":[{"href":"https:\/\/casadolivreiro.pt\/index.php\/wp-json\/wp\/v2\/types\/product"}],"replies":[{"embeddable":true,"href":"https:\/\/casadolivreiro.pt\/index.php\/wp-json\/wp\/v2\/comments?post=6960"}],"wp:featuredmedia":[{"embeddable":true,"href":"https:\/\/casadolivreiro.pt\/index.php\/wp-json\/wp\/v2\/media\/6961"}],"wp:attachment":[{"href":"https:\/\/casadolivreiro.pt\/index.php\/wp-json\/wp\/v2\/media?parent=6960"}],"wp:term":[{"taxonomy":"product_cat","embeddable":true,"href":"https:\/\/casadolivreiro.pt\/index.php\/wp-json\/wp\/v2\/product_cat?post=6960"},{"taxonomy":"product_tag","embeddable":true,"href":"https:\/\/casadolivreiro.pt\/index.php\/wp-json\/wp\/v2\/product_tag?post=6960"}],"curies":[{"name":"wp","href":"https:\/\/api.w.org\/{rel}","templated":true}]}}