{"id":6951,"date":"2026-03-29T17:29:53","date_gmt":"2026-03-29T17:29:53","guid":{"rendered":"https:\/\/casadolivreiro.pt\/?post_type=product&#038;p=6951"},"modified":"2026-03-29T17:29:54","modified_gmt":"2026-03-29T17:29:54","slug":"a-cidade-e-as-serras-eca-de-queiroz","status":"publish","type":"product","link":"https:\/\/casadolivreiro.pt\/index.php\/product\/a-cidade-e-as-serras-eca-de-queiroz\/","title":{"rendered":"A CIDADE E AS SERRAS &#8211; E\u00e7a de Queiroz"},"content":{"rendered":"<p>A CIDADE E AS SERRAS<\/p>\n<p>E\u00e7a de Queiroz<\/p>\n<p>Ano de edi\u00e7\u00e3o: 1924<\/p>\n<p>Editor: Livraria Chadron, de Lelo &amp; Irm\u00e3o C. Porto<\/p>\n<p>Idioma: Portugu\u00eas<\/p>\n<p>Dimens\u00f5es: 11.5 x 2 x 18.2cm<\/p>\n<p>Encaderna\u00e7\u00e3o: Capa dura<\/p>\n<p>P\u00e1ginas: 371<\/p>\n","protected":false},"excerpt":{"rendered":"<p>A CIDADE E AS SERRAS E\u00e7a de Queiroz Ano de edi\u00e7\u00e3o: 1924 Editor: Livraria Chadron, de Lelo &amp; Irm\u00e3o C. Porto Idioma: Portugu\u00eas Dimens\u00f5es: 11.5 x 2 x 18.2cm Encaderna\u00e7\u00e3o: Capa dura P\u00e1ginas: 371<\/p>\n","protected":false},"featured_media":6952,"comment_status":"open","ping_status":"closed","template":"","meta":{"om_disable_all_campaigns":false,"_monsterinsights_skip_tracking":false,"_monsterinsights_sitenote_active":false,"_monsterinsights_sitenote_note":"","_monsterinsights_sitenote_category":0,"_uf_show_specific_survey":0,"_uf_disable_surveys":false},"product_cat":[25],"product_tag":[],"aioseo_notices":[],"jetpack_sharing_enabled":true,"_links":{"self":[{"href":"https:\/\/casadolivreiro.pt\/index.php\/wp-json\/wp\/v2\/product\/6951"}],"collection":[{"href":"https:\/\/casadolivreiro.pt\/index.php\/wp-json\/wp\/v2\/product"}],"about":[{"href":"https:\/\/casadolivreiro.pt\/index.php\/wp-json\/wp\/v2\/types\/product"}],"replies":[{"embeddable":true,"href":"https:\/\/casadolivreiro.pt\/index.php\/wp-json\/wp\/v2\/comments?post=6951"}],"wp:featuredmedia":[{"embeddable":true,"href":"https:\/\/casadolivreiro.pt\/index.php\/wp-json\/wp\/v2\/media\/6952"}],"wp:attachment":[{"href":"https:\/\/casadolivreiro.pt\/index.php\/wp-json\/wp\/v2\/media?parent=6951"}],"wp:term":[{"taxonomy":"product_cat","embeddable":true,"href":"https:\/\/casadolivreiro.pt\/index.php\/wp-json\/wp\/v2\/product_cat?post=6951"},{"taxonomy":"product_tag","embeddable":true,"href":"https:\/\/casadolivreiro.pt\/index.php\/wp-json\/wp\/v2\/product_tag?post=6951"}],"curies":[{"name":"wp","href":"https:\/\/api.w.org\/{rel}","templated":true}]}}