{"id":695,"date":"2024-03-16T21:46:11","date_gmt":"2024-03-16T21:46:11","guid":{"rendered":"https:\/\/casadolivreiro.pt\/?post_type=product&#038;p=695"},"modified":"2024-03-16T21:46:11","modified_gmt":"2024-03-16T21:46:11","slug":"a-minha-cidade-e-feita-de-luz-texto-jose-fanha-ilustracoes-alex-gozblau","status":"publish","type":"product","link":"https:\/\/casadolivreiro.pt\/index.php\/product\/a-minha-cidade-e-feita-de-luz-texto-jose-fanha-ilustracoes-alex-gozblau\/","title":{"rendered":"A MINHA CIDADE \u00c9 FEITA DE LUZ &#8211; Texto: Jos\u00e9 Fanha Ilustra\u00e7\u00f5es: Alex Gozblau"},"content":{"rendered":"<p>A MINHA CIDADE \u00c9 FEITA DE LUZ<br \/>\nTexto: Jos\u00e9 Fanha<br \/>\nIlustra\u00e7\u00f5es: Alex Gozblau<br \/>\nISBN: 978-989-99658-2-9<br \/>\nAno de edi\u00e7\u00e3o: 2016<br \/>\nEditor: EMEL, Lisboa<br \/>\nIdioma: Portugu\u00eas<br \/>\nDimens\u00f5es: 16.5 x 1 x 19.5 cm<br \/>\nEncaderna\u00e7\u00e3o: Capa dura<br \/>\nP\u00e1ginas: 54<\/p>\n","protected":false},"excerpt":{"rendered":"<p>A MINHA CIDADE \u00c9 FEITA DE LUZ Texto: Jos\u00e9 Fanha Ilustra\u00e7\u00f5es: Alex Gozblau ISBN: 978-989-99658-2-9 Ano de edi\u00e7\u00e3o: 2016 Editor: EMEL, Lisboa Idioma: Portugu\u00eas Dimens\u00f5es: 16.5 x 1 x 19.5 cm Encaderna\u00e7\u00e3o: Capa dura P\u00e1ginas: 54<\/p>\n","protected":false},"featured_media":696,"comment_status":"open","ping_status":"closed","template":"","meta":{"om_disable_all_campaigns":false,"_monsterinsights_skip_tracking":false,"_monsterinsights_sitenote_active":false,"_monsterinsights_sitenote_note":"","_monsterinsights_sitenote_category":0,"_uf_show_specific_survey":0,"_uf_disable_surveys":false},"product_cat":[27],"product_tag":[],"aioseo_notices":[],"jetpack_sharing_enabled":true,"_links":{"self":[{"href":"https:\/\/casadolivreiro.pt\/index.php\/wp-json\/wp\/v2\/product\/695"}],"collection":[{"href":"https:\/\/casadolivreiro.pt\/index.php\/wp-json\/wp\/v2\/product"}],"about":[{"href":"https:\/\/casadolivreiro.pt\/index.php\/wp-json\/wp\/v2\/types\/product"}],"replies":[{"embeddable":true,"href":"https:\/\/casadolivreiro.pt\/index.php\/wp-json\/wp\/v2\/comments?post=695"}],"wp:featuredmedia":[{"embeddable":true,"href":"https:\/\/casadolivreiro.pt\/index.php\/wp-json\/wp\/v2\/media\/696"}],"wp:attachment":[{"href":"https:\/\/casadolivreiro.pt\/index.php\/wp-json\/wp\/v2\/media?parent=695"}],"wp:term":[{"taxonomy":"product_cat","embeddable":true,"href":"https:\/\/casadolivreiro.pt\/index.php\/wp-json\/wp\/v2\/product_cat?post=695"},{"taxonomy":"product_tag","embeddable":true,"href":"https:\/\/casadolivreiro.pt\/index.php\/wp-json\/wp\/v2\/product_tag?post=695"}],"curies":[{"name":"wp","href":"https:\/\/api.w.org\/{rel}","templated":true}]}}