{"id":6925,"date":"2026-03-29T15:44:09","date_gmt":"2026-03-29T15:44:09","guid":{"rendered":"https:\/\/casadolivreiro.pt\/?post_type=product&#038;p=6925"},"modified":"2026-03-29T15:44:10","modified_gmt":"2026-03-29T15:44:10","slug":"fermina-marquez-valery-larbaud","status":"publish","type":"product","link":"https:\/\/casadolivreiro.pt\/index.php\/product\/fermina-marquez-valery-larbaud\/","title":{"rendered":"FERMINA M\u00c1RQUEZ &#8211; Valery Larbaud"},"content":{"rendered":"<p>FERMINA M\u00c1RQUEZ<\/p>\n<p>Valery Larbaud<\/p>\n<p>Ano de edi\u00e7\u00e3o: 1926<\/p>\n<p>Editor: Gallimard, Paris<\/p>\n<p>Idioma: Franc\u00eas<\/p>\n<p>Dimens\u00f5es: 11 x 1.6 x 17cm<\/p>\n<p>Encaderna\u00e7\u00e3o: Capa dura<\/p>\n<p>P\u00e1ginas: 253<\/p>\n","protected":false},"excerpt":{"rendered":"<p>FERMINA M\u00c1RQUEZ Valery Larbaud Ano de edi\u00e7\u00e3o: 1926 Editor: Gallimard, Paris Idioma: Franc\u00eas Dimens\u00f5es: 11 x 1.6 x 17cm Encaderna\u00e7\u00e3o: Capa dura P\u00e1ginas: 253<\/p>\n","protected":false},"featured_media":6926,"comment_status":"open","ping_status":"closed","template":"","meta":{"om_disable_all_campaigns":false,"_monsterinsights_skip_tracking":false,"_monsterinsights_sitenote_active":false,"_monsterinsights_sitenote_note":"","_monsterinsights_sitenote_category":0,"_uf_show_specific_survey":0,"_uf_disable_surveys":false},"product_cat":[56],"product_tag":[],"aioseo_notices":[],"jetpack_sharing_enabled":true,"_links":{"self":[{"href":"https:\/\/casadolivreiro.pt\/index.php\/wp-json\/wp\/v2\/product\/6925"}],"collection":[{"href":"https:\/\/casadolivreiro.pt\/index.php\/wp-json\/wp\/v2\/product"}],"about":[{"href":"https:\/\/casadolivreiro.pt\/index.php\/wp-json\/wp\/v2\/types\/product"}],"replies":[{"embeddable":true,"href":"https:\/\/casadolivreiro.pt\/index.php\/wp-json\/wp\/v2\/comments?post=6925"}],"wp:featuredmedia":[{"embeddable":true,"href":"https:\/\/casadolivreiro.pt\/index.php\/wp-json\/wp\/v2\/media\/6926"}],"wp:attachment":[{"href":"https:\/\/casadolivreiro.pt\/index.php\/wp-json\/wp\/v2\/media?parent=6925"}],"wp:term":[{"taxonomy":"product_cat","embeddable":true,"href":"https:\/\/casadolivreiro.pt\/index.php\/wp-json\/wp\/v2\/product_cat?post=6925"},{"taxonomy":"product_tag","embeddable":true,"href":"https:\/\/casadolivreiro.pt\/index.php\/wp-json\/wp\/v2\/product_tag?post=6925"}],"curies":[{"name":"wp","href":"https:\/\/api.w.org\/{rel}","templated":true}]}}