{"id":6923,"date":"2026-03-29T15:41:30","date_gmt":"2026-03-29T15:41:30","guid":{"rendered":"https:\/\/casadolivreiro.pt\/?post_type=product&#038;p=6923"},"modified":"2026-03-29T15:41:30","modified_gmt":"2026-03-29T15:41:30","slug":"tu-seras-tout-seul-dans-ton-cercueil-j-hadley-chase","status":"publish","type":"product","link":"https:\/\/casadolivreiro.pt\/index.php\/product\/tu-seras-tout-seul-dans-ton-cercueil-j-hadley-chase\/","title":{"rendered":"TU SERAS TOUT SEUL DANS TON CERCUEIL &#8211; J. Hadley Chase"},"content":{"rendered":"<p>TU SERAS TOUT SEUL DANS TON CERCUEIL<\/p>\n<p>J. Hadley Chase<\/p>\n<p>Ano de edi\u00e7\u00e3o: 1949<\/p>\n<p>Editor: Gallimard, Paris<\/p>\n<p>Idioma: Franc\u00eas<\/p>\n<p>Dimens\u00f5es: 12 x 1.7 x 18.5cm<\/p>\n<p>Encaderna\u00e7\u00e3o: Capa dura<\/p>\n<p>P\u00e1ginas: 249<\/p>\n","protected":false},"excerpt":{"rendered":"<p>TU SERAS TOUT SEUL DANS TON CERCUEIL J. Hadley Chase Ano de edi\u00e7\u00e3o: 1949 Editor: Gallimard, Paris Idioma: Franc\u00eas Dimens\u00f5es: 12 x 1.7 x 18.5cm Encaderna\u00e7\u00e3o: Capa dura P\u00e1ginas: 249<\/p>\n","protected":false},"featured_media":6924,"comment_status":"open","ping_status":"closed","template":"","meta":{"om_disable_all_campaigns":false,"_monsterinsights_skip_tracking":false,"_monsterinsights_sitenote_active":false,"_monsterinsights_sitenote_note":"","_monsterinsights_sitenote_category":0,"_uf_show_specific_survey":0,"_uf_disable_surveys":false},"product_cat":[56],"product_tag":[],"aioseo_notices":[],"jetpack_sharing_enabled":true,"_links":{"self":[{"href":"https:\/\/casadolivreiro.pt\/index.php\/wp-json\/wp\/v2\/product\/6923"}],"collection":[{"href":"https:\/\/casadolivreiro.pt\/index.php\/wp-json\/wp\/v2\/product"}],"about":[{"href":"https:\/\/casadolivreiro.pt\/index.php\/wp-json\/wp\/v2\/types\/product"}],"replies":[{"embeddable":true,"href":"https:\/\/casadolivreiro.pt\/index.php\/wp-json\/wp\/v2\/comments?post=6923"}],"wp:featuredmedia":[{"embeddable":true,"href":"https:\/\/casadolivreiro.pt\/index.php\/wp-json\/wp\/v2\/media\/6924"}],"wp:attachment":[{"href":"https:\/\/casadolivreiro.pt\/index.php\/wp-json\/wp\/v2\/media?parent=6923"}],"wp:term":[{"taxonomy":"product_cat","embeddable":true,"href":"https:\/\/casadolivreiro.pt\/index.php\/wp-json\/wp\/v2\/product_cat?post=6923"},{"taxonomy":"product_tag","embeddable":true,"href":"https:\/\/casadolivreiro.pt\/index.php\/wp-json\/wp\/v2\/product_tag?post=6923"}],"curies":[{"name":"wp","href":"https:\/\/api.w.org\/{rel}","templated":true}]}}