{"id":6921,"date":"2026-03-29T15:38:07","date_gmt":"2026-03-29T15:38:07","guid":{"rendered":"https:\/\/casadolivreiro.pt\/?post_type=product&#038;p=6921"},"modified":"2026-03-29T15:38:07","modified_gmt":"2026-03-29T15:38:07","slug":"gyges-et-son-anneau-gyges-und-sein-ring-hebbel","status":"publish","type":"product","link":"https:\/\/casadolivreiro.pt\/index.php\/product\/gyges-et-son-anneau-gyges-und-sein-ring-hebbel\/","title":{"rendered":"GYG\u00c8S ET SON ANNEAU (GYGES UND SEIN RING) &#8211; Hebbel"},"content":{"rendered":"<p>GYG\u00c8S ET SON ANNEAU (GYGES UND SEIN RING)<\/p>\n<p>Hebbel<\/p>\n<p>Ano de edi\u00e7\u00e3o: 1943<\/p>\n<p>Editor: Aubier- Montaigne, Paris<\/p>\n<p>Idioma: Franc\u00eas \/ Alem\u00e3o<\/p>\n<p>Dimens\u00f5es: 12 x 1.5 x 18.5cm<\/p>\n<p>Encaderna\u00e7\u00e3o: Capa mole<\/p>\n<p>P\u00e1ginas: 207<\/p>\n","protected":false},"excerpt":{"rendered":"<p>GYG\u00c8S ET SON ANNEAU (GYGES UND SEIN RING) Hebbel Ano de edi\u00e7\u00e3o: 1943 Editor: Aubier- Montaigne, Paris Idioma: Franc\u00eas \/ Alem\u00e3o Dimens\u00f5es: 12 x 1.5 x 18.5cm Encaderna\u00e7\u00e3o: Capa mole P\u00e1ginas: 207<\/p>\n","protected":false},"featured_media":6922,"comment_status":"open","ping_status":"closed","template":"","meta":{"om_disable_all_campaigns":false,"_monsterinsights_skip_tracking":false,"_monsterinsights_sitenote_active":false,"_monsterinsights_sitenote_note":"","_monsterinsights_sitenote_category":0,"_uf_show_specific_survey":0,"_uf_disable_surveys":false},"product_cat":[58,56],"product_tag":[],"aioseo_notices":[],"jetpack_sharing_enabled":true,"_links":{"self":[{"href":"https:\/\/casadolivreiro.pt\/index.php\/wp-json\/wp\/v2\/product\/6921"}],"collection":[{"href":"https:\/\/casadolivreiro.pt\/index.php\/wp-json\/wp\/v2\/product"}],"about":[{"href":"https:\/\/casadolivreiro.pt\/index.php\/wp-json\/wp\/v2\/types\/product"}],"replies":[{"embeddable":true,"href":"https:\/\/casadolivreiro.pt\/index.php\/wp-json\/wp\/v2\/comments?post=6921"}],"wp:featuredmedia":[{"embeddable":true,"href":"https:\/\/casadolivreiro.pt\/index.php\/wp-json\/wp\/v2\/media\/6922"}],"wp:attachment":[{"href":"https:\/\/casadolivreiro.pt\/index.php\/wp-json\/wp\/v2\/media?parent=6921"}],"wp:term":[{"taxonomy":"product_cat","embeddable":true,"href":"https:\/\/casadolivreiro.pt\/index.php\/wp-json\/wp\/v2\/product_cat?post=6921"},{"taxonomy":"product_tag","embeddable":true,"href":"https:\/\/casadolivreiro.pt\/index.php\/wp-json\/wp\/v2\/product_tag?post=6921"}],"curies":[{"name":"wp","href":"https:\/\/api.w.org\/{rel}","templated":true}]}}