{"id":6919,"date":"2026-03-29T15:35:52","date_gmt":"2026-03-29T15:35:52","guid":{"rendered":"https:\/\/casadolivreiro.pt\/?post_type=product&#038;p=6919"},"modified":"2026-03-29T15:35:52","modified_gmt":"2026-03-29T15:35:52","slug":"s-mateus-outros-lugares-e-nomes-j-h-santos-barros","status":"publish","type":"product","link":"https:\/\/casadolivreiro.pt\/index.php\/product\/s-mateus-outros-lugares-e-nomes-j-h-santos-barros\/","title":{"rendered":"S: MATEUS, OUTROS LUGARES E NOMES &#8211; J.H. Santos Barros"},"content":{"rendered":"<p>S: MATEUS, OUTROS LUGARES E NOMES<\/p>\n<p>J.H. Santos Barros<\/p>\n<p>Ano de edi\u00e7\u00e3o: 1981 (Primeira edi\u00e7\u00e3o, valorizada com dedicat\u00f3ria autografa do autor.)<\/p>\n<p>Editor: Veja \/ O Ch\u00e3o da Palavra<\/p>\n<p>Idioma: Portugu\u00eas<\/p>\n<p>Dimens\u00f5es: 14 x 0.7 x 20.3cm<\/p>\n<p>Encaderna\u00e7\u00e3o: Capa mole<\/p>\n<p>P\u00e1ginas: 103<\/p>\n","protected":false},"excerpt":{"rendered":"<p>S: MATEUS, OUTROS LUGARES E NOMES J.H. Santos Barros Ano de edi\u00e7\u00e3o: 1981 (Primeira edi\u00e7\u00e3o, valorizada com dedicat\u00f3ria autografa do autor.) Editor: Veja \/ O Ch\u00e3o da Palavra Idioma: Portugu\u00eas Dimens\u00f5es: 14 x 0.7 x 20.3cm Encaderna\u00e7\u00e3o: Capa mole P\u00e1ginas: 103<\/p>\n","protected":false},"featured_media":6920,"comment_status":"open","ping_status":"closed","template":"","meta":{"om_disable_all_campaigns":false,"_monsterinsights_skip_tracking":false,"_monsterinsights_sitenote_active":false,"_monsterinsights_sitenote_note":"","_monsterinsights_sitenote_category":0,"_uf_show_specific_survey":0,"_uf_disable_surveys":false},"product_cat":[25,27,63],"product_tag":[],"aioseo_notices":[],"jetpack_sharing_enabled":true,"_links":{"self":[{"href":"https:\/\/casadolivreiro.pt\/index.php\/wp-json\/wp\/v2\/product\/6919"}],"collection":[{"href":"https:\/\/casadolivreiro.pt\/index.php\/wp-json\/wp\/v2\/product"}],"about":[{"href":"https:\/\/casadolivreiro.pt\/index.php\/wp-json\/wp\/v2\/types\/product"}],"replies":[{"embeddable":true,"href":"https:\/\/casadolivreiro.pt\/index.php\/wp-json\/wp\/v2\/comments?post=6919"}],"wp:featuredmedia":[{"embeddable":true,"href":"https:\/\/casadolivreiro.pt\/index.php\/wp-json\/wp\/v2\/media\/6920"}],"wp:attachment":[{"href":"https:\/\/casadolivreiro.pt\/index.php\/wp-json\/wp\/v2\/media?parent=6919"}],"wp:term":[{"taxonomy":"product_cat","embeddable":true,"href":"https:\/\/casadolivreiro.pt\/index.php\/wp-json\/wp\/v2\/product_cat?post=6919"},{"taxonomy":"product_tag","embeddable":true,"href":"https:\/\/casadolivreiro.pt\/index.php\/wp-json\/wp\/v2\/product_tag?post=6919"}],"curies":[{"name":"wp","href":"https:\/\/api.w.org\/{rel}","templated":true}]}}