{"id":6915,"date":"2026-03-29T15:27:11","date_gmt":"2026-03-29T15:27:11","guid":{"rendered":"https:\/\/casadolivreiro.pt\/?post_type=product&#038;p=6915"},"modified":"2026-03-29T15:27:11","modified_gmt":"2026-03-29T15:27:11","slug":"aquele-segredo-alexandre-malheiro","status":"publish","type":"product","link":"https:\/\/casadolivreiro.pt\/index.php\/product\/aquele-segredo-alexandre-malheiro\/","title":{"rendered":"AQU\u00caLE SEGR\u00caDO\u2026 &#8211; Alexandre Malheiro"},"content":{"rendered":"<p>AQU\u00caLE SEGR\u00caDO\u2026<\/p>\n<p>Alexandre Malheiro<\/p>\n<p>Ano de edi\u00e7\u00e3o: 1940<\/p>\n<p>Editor: Editorial Minerva, Lisboa<\/p>\n<p>Idioma: Portugu\u00eas<\/p>\n<p>Dimens\u00f5es: 12.8 x 1.7 x 19.5cm<\/p>\n<p>Encaderna\u00e7\u00e3o: Capa mole<\/p>\n<p>P\u00e1ginas: 192<\/p>\n","protected":false},"excerpt":{"rendered":"<p>AQU\u00caLE SEGR\u00caDO\u2026 Alexandre Malheiro Ano de edi\u00e7\u00e3o: 1940 Editor: Editorial Minerva, Lisboa Idioma: Portugu\u00eas Dimens\u00f5es: 12.8 x 1.7 x 19.5cm Encaderna\u00e7\u00e3o: Capa mole P\u00e1ginas: 192<\/p>\n","protected":false},"featured_media":6916,"comment_status":"open","ping_status":"closed","template":"","meta":{"om_disable_all_campaigns":false,"_monsterinsights_skip_tracking":false,"_monsterinsights_sitenote_active":false,"_monsterinsights_sitenote_note":"","_monsterinsights_sitenote_category":0,"_uf_show_specific_survey":0,"_uf_disable_surveys":false},"product_cat":[25],"product_tag":[],"aioseo_notices":[],"jetpack_sharing_enabled":true,"_links":{"self":[{"href":"https:\/\/casadolivreiro.pt\/index.php\/wp-json\/wp\/v2\/product\/6915"}],"collection":[{"href":"https:\/\/casadolivreiro.pt\/index.php\/wp-json\/wp\/v2\/product"}],"about":[{"href":"https:\/\/casadolivreiro.pt\/index.php\/wp-json\/wp\/v2\/types\/product"}],"replies":[{"embeddable":true,"href":"https:\/\/casadolivreiro.pt\/index.php\/wp-json\/wp\/v2\/comments?post=6915"}],"wp:featuredmedia":[{"embeddable":true,"href":"https:\/\/casadolivreiro.pt\/index.php\/wp-json\/wp\/v2\/media\/6916"}],"wp:attachment":[{"href":"https:\/\/casadolivreiro.pt\/index.php\/wp-json\/wp\/v2\/media?parent=6915"}],"wp:term":[{"taxonomy":"product_cat","embeddable":true,"href":"https:\/\/casadolivreiro.pt\/index.php\/wp-json\/wp\/v2\/product_cat?post=6915"},{"taxonomy":"product_tag","embeddable":true,"href":"https:\/\/casadolivreiro.pt\/index.php\/wp-json\/wp\/v2\/product_tag?post=6915"}],"curies":[{"name":"wp","href":"https:\/\/api.w.org\/{rel}","templated":true}]}}