{"id":6913,"date":"2026-03-29T14:47:51","date_gmt":"2026-03-29T14:47:51","guid":{"rendered":"https:\/\/casadolivreiro.pt\/?post_type=product&#038;p=6913"},"modified":"2026-03-29T14:47:52","modified_gmt":"2026-03-29T14:47:52","slug":"arame-farpado-hall-caine","status":"publish","type":"product","link":"https:\/\/casadolivreiro.pt\/index.php\/product\/arame-farpado-hall-caine\/","title":{"rendered":"ARAME FARPADO &#8211; Hall Caine"},"content":{"rendered":"<p>ARAME FARPADO<\/p>\n<p>Hall Caine<\/p>\n<p>Tradu\u00e7\u00e3o de Janu\u00e1rio Leite<\/p>\n<p>Ano de edi\u00e7\u00e3o: 1958<\/p>\n<p>Editor: Livraria Cl\u00e1ssica Editora, Lisboa<\/p>\n<p>Idioma: Portugu\u00eas<\/p>\n<p>Dimens\u00f5es: 12.4 x 1.5 x 19cm<\/p>\n<p>Encaderna\u00e7\u00e3o: Capa mole<\/p>\n<p>P\u00e1ginas: 223<\/p>\n","protected":false},"excerpt":{"rendered":"<p>ARAME FARPADO Hall Caine Tradu\u00e7\u00e3o de Janu\u00e1rio Leite Ano de edi\u00e7\u00e3o: 1958 Editor: Livraria Cl\u00e1ssica Editora, Lisboa Idioma: Portugu\u00eas Dimens\u00f5es: 12.4 x 1.5 x 19cm Encaderna\u00e7\u00e3o: Capa mole P\u00e1ginas: 223<\/p>\n","protected":false},"featured_media":6914,"comment_status":"open","ping_status":"closed","template":"","meta":{"om_disable_all_campaigns":false,"_monsterinsights_skip_tracking":false,"_monsterinsights_sitenote_active":false,"_monsterinsights_sitenote_note":"","_monsterinsights_sitenote_category":0,"_uf_show_specific_survey":0,"_uf_disable_surveys":false},"product_cat":[26],"product_tag":[],"aioseo_notices":[],"jetpack_sharing_enabled":true,"_links":{"self":[{"href":"https:\/\/casadolivreiro.pt\/index.php\/wp-json\/wp\/v2\/product\/6913"}],"collection":[{"href":"https:\/\/casadolivreiro.pt\/index.php\/wp-json\/wp\/v2\/product"}],"about":[{"href":"https:\/\/casadolivreiro.pt\/index.php\/wp-json\/wp\/v2\/types\/product"}],"replies":[{"embeddable":true,"href":"https:\/\/casadolivreiro.pt\/index.php\/wp-json\/wp\/v2\/comments?post=6913"}],"wp:featuredmedia":[{"embeddable":true,"href":"https:\/\/casadolivreiro.pt\/index.php\/wp-json\/wp\/v2\/media\/6914"}],"wp:attachment":[{"href":"https:\/\/casadolivreiro.pt\/index.php\/wp-json\/wp\/v2\/media?parent=6913"}],"wp:term":[{"taxonomy":"product_cat","embeddable":true,"href":"https:\/\/casadolivreiro.pt\/index.php\/wp-json\/wp\/v2\/product_cat?post=6913"},{"taxonomy":"product_tag","embeddable":true,"href":"https:\/\/casadolivreiro.pt\/index.php\/wp-json\/wp\/v2\/product_tag?post=6913"}],"curies":[{"name":"wp","href":"https:\/\/api.w.org\/{rel}","templated":true}]}}