{"id":6909,"date":"2026-03-29T14:44:10","date_gmt":"2026-03-29T14:44:10","guid":{"rendered":"https:\/\/casadolivreiro.pt\/?post_type=product&#038;p=6909"},"modified":"2026-03-29T14:44:10","modified_gmt":"2026-03-29T14:44:10","slug":"le-mouvement-romantique-paul-van-tieghem","status":"publish","type":"product","link":"https:\/\/casadolivreiro.pt\/index.php\/product\/le-mouvement-romantique-paul-van-tieghem\/","title":{"rendered":"LE MOUVEMENT ROMANTIQUE &#8211; Paul Van Tieghem"},"content":{"rendered":"<p>LE MOUVEMENT ROMANTIQUE<\/p>\n<p>Paul Van Tieghem<\/p>\n<p>Ano de edi\u00e7\u00e3o: 1968<\/p>\n<p>Editor: Librairie Vuibert, Paris<\/p>\n<p>Idioma: Franc\u00eas<\/p>\n<p>Dimens\u00f5es: 13.5 x 1 x 18.8cm<\/p>\n<p>Encaderna\u00e7\u00e3o: Capa mole<\/p>\n<p>P\u00e1ginas: 192<\/p>\n","protected":false},"excerpt":{"rendered":"<p>LE MOUVEMENT ROMANTIQUE Paul Van Tieghem Ano de edi\u00e7\u00e3o: 1968 Editor: Librairie Vuibert, Paris Idioma: Franc\u00eas Dimens\u00f5es: 13.5 x 1 x 18.8cm Encaderna\u00e7\u00e3o: Capa mole P\u00e1ginas: 192<\/p>\n","protected":false},"featured_media":6910,"comment_status":"open","ping_status":"closed","template":"","meta":{"om_disable_all_campaigns":false,"_monsterinsights_skip_tracking":false,"_monsterinsights_sitenote_active":false,"_monsterinsights_sitenote_note":"","_monsterinsights_sitenote_category":0,"_uf_show_specific_survey":0,"_uf_disable_surveys":false},"product_cat":[56],"product_tag":[],"aioseo_notices":[],"jetpack_sharing_enabled":true,"_links":{"self":[{"href":"https:\/\/casadolivreiro.pt\/index.php\/wp-json\/wp\/v2\/product\/6909"}],"collection":[{"href":"https:\/\/casadolivreiro.pt\/index.php\/wp-json\/wp\/v2\/product"}],"about":[{"href":"https:\/\/casadolivreiro.pt\/index.php\/wp-json\/wp\/v2\/types\/product"}],"replies":[{"embeddable":true,"href":"https:\/\/casadolivreiro.pt\/index.php\/wp-json\/wp\/v2\/comments?post=6909"}],"wp:featuredmedia":[{"embeddable":true,"href":"https:\/\/casadolivreiro.pt\/index.php\/wp-json\/wp\/v2\/media\/6910"}],"wp:attachment":[{"href":"https:\/\/casadolivreiro.pt\/index.php\/wp-json\/wp\/v2\/media?parent=6909"}],"wp:term":[{"taxonomy":"product_cat","embeddable":true,"href":"https:\/\/casadolivreiro.pt\/index.php\/wp-json\/wp\/v2\/product_cat?post=6909"},{"taxonomy":"product_tag","embeddable":true,"href":"https:\/\/casadolivreiro.pt\/index.php\/wp-json\/wp\/v2\/product_tag?post=6909"}],"curies":[{"name":"wp","href":"https:\/\/api.w.org\/{rel}","templated":true}]}}