{"id":688,"date":"2024-03-16T21:33:48","date_gmt":"2024-03-16T21:33:48","guid":{"rendered":"https:\/\/casadolivreiro.pt\/?post_type=product&#038;p=688"},"modified":"2025-06-23T13:19:41","modified_gmt":"2025-06-23T13:19:41","slug":"poemas-bertold-brecht","status":"publish","type":"product","link":"https:\/\/casadolivreiro.pt\/index.php\/product\/poemas-bertold-brecht\/","title":{"rendered":"POEMAS &#8211; Bertold Brecht"},"content":{"rendered":"<p>POEMAS<br \/>\nBertold Brecht<br \/>\nTradu\u00e7\u00e3o, selec\u00e7\u00e3o e estudo de Arnaldo Saraiva<br \/>\nAno de edi\u00e7\u00e3o: 1976<br \/>\nEditor: Editorial Presen\u00e7a (Colec\u00e7\u00e3o forma)<br \/>\nIdioma: Portugu\u00eas<br \/>\nDimens\u00f5es: 11.5 x 0.8 x 18 cm<br \/>\nEncaderna\u00e7\u00e3o: Capa mole<br \/>\nP\u00e1ginas: 142<\/p>\n","protected":false},"excerpt":{"rendered":"<p>POEMAS Bertold Brecht Tradu\u00e7\u00e3o, selec\u00e7\u00e3o e estudo de Arnaldo Saraiva Ano de edi\u00e7\u00e3o: 1976 Editor: Editorial Presen\u00e7a (Colec\u00e7\u00e3o forma) Idioma: Portugu\u00eas Dimens\u00f5es: 11.5 x 0.8 x 18 cm Encaderna\u00e7\u00e3o: Capa mole P\u00e1ginas: 142<\/p>\n","protected":false},"featured_media":689,"comment_status":"open","ping_status":"closed","template":"","meta":{"om_disable_all_campaigns":false,"_monsterinsights_skip_tracking":false,"_monsterinsights_sitenote_active":false,"_monsterinsights_sitenote_note":"","_monsterinsights_sitenote_category":0,"_uf_show_specific_survey":0,"_uf_disable_surveys":false},"product_cat":[27],"product_tag":[],"aioseo_notices":[],"jetpack_sharing_enabled":true,"_links":{"self":[{"href":"https:\/\/casadolivreiro.pt\/index.php\/wp-json\/wp\/v2\/product\/688"}],"collection":[{"href":"https:\/\/casadolivreiro.pt\/index.php\/wp-json\/wp\/v2\/product"}],"about":[{"href":"https:\/\/casadolivreiro.pt\/index.php\/wp-json\/wp\/v2\/types\/product"}],"replies":[{"embeddable":true,"href":"https:\/\/casadolivreiro.pt\/index.php\/wp-json\/wp\/v2\/comments?post=688"}],"wp:featuredmedia":[{"embeddable":true,"href":"https:\/\/casadolivreiro.pt\/index.php\/wp-json\/wp\/v2\/media\/689"}],"wp:attachment":[{"href":"https:\/\/casadolivreiro.pt\/index.php\/wp-json\/wp\/v2\/media?parent=688"}],"wp:term":[{"taxonomy":"product_cat","embeddable":true,"href":"https:\/\/casadolivreiro.pt\/index.php\/wp-json\/wp\/v2\/product_cat?post=688"},{"taxonomy":"product_tag","embeddable":true,"href":"https:\/\/casadolivreiro.pt\/index.php\/wp-json\/wp\/v2\/product_tag?post=688"}],"curies":[{"name":"wp","href":"https:\/\/api.w.org\/{rel}","templated":true}]}}