{"id":6872,"date":"2026-03-27T19:56:19","date_gmt":"2026-03-27T19:56:19","guid":{"rendered":"https:\/\/casadolivreiro.pt\/?post_type=product&#038;p=6872"},"modified":"2026-03-27T19:56:21","modified_gmt":"2026-03-27T19:56:21","slug":"a-casaca-azul-memorias-dum-rapaz-magro-volume-1-3-e-perez-escrich","status":"publish","type":"product","link":"https:\/\/casadolivreiro.pt\/index.php\/product\/a-casaca-azul-memorias-dum-rapaz-magro-volume-1-3-e-perez-escrich\/","title":{"rendered":"A CASACA AZUL (Memorias d\u2019um rapaz magro), Volume 1 &#8211; 3 &#8211; E. Perez Escrich"},"content":{"rendered":"<p>A CASACA AZUL (Memorias d\u2019um rapaz magro), Volume 1 &#8211; 3<\/p>\n<p>E. Perez Escrich<\/p>\n<p>Ano de edi\u00e7\u00e3o: 1917<\/p>\n<p>Editor: Guimar\u00e3es &amp; C.\u00aa, Lisboa<\/p>\n<p>Idioma: Portugu\u00eas<\/p>\n<p>Dimens\u00f5es: 12.7 x 2.4 x 19.5cm<\/p>\n<p>Encaderna\u00e7\u00e3o: Capa dura<\/p>\n<p>P\u00e1ginas: 143 + 144 + 131<\/p>\n","protected":false},"excerpt":{"rendered":"<p>A CASACA AZUL (Memorias d\u2019um rapaz magro), Volume 1 &#8211; 3 E. Perez Escrich Ano de edi\u00e7\u00e3o: 1917 Editor: Guimar\u00e3es &amp; C.\u00aa, Lisboa Idioma: Portugu\u00eas Dimens\u00f5es: 12.7 x 2.4 x 19.5cm Encaderna\u00e7\u00e3o: Capa dura P\u00e1ginas: 143 + 144 + 131<\/p>\n","protected":false},"featured_media":6873,"comment_status":"open","ping_status":"closed","template":"","meta":{"om_disable_all_campaigns":false,"_monsterinsights_skip_tracking":false,"_monsterinsights_sitenote_active":false,"_monsterinsights_sitenote_note":"","_monsterinsights_sitenote_category":0,"_uf_show_specific_survey":0,"_uf_disable_surveys":false},"product_cat":[26],"product_tag":[],"aioseo_notices":[],"jetpack_sharing_enabled":true,"_links":{"self":[{"href":"https:\/\/casadolivreiro.pt\/index.php\/wp-json\/wp\/v2\/product\/6872"}],"collection":[{"href":"https:\/\/casadolivreiro.pt\/index.php\/wp-json\/wp\/v2\/product"}],"about":[{"href":"https:\/\/casadolivreiro.pt\/index.php\/wp-json\/wp\/v2\/types\/product"}],"replies":[{"embeddable":true,"href":"https:\/\/casadolivreiro.pt\/index.php\/wp-json\/wp\/v2\/comments?post=6872"}],"wp:featuredmedia":[{"embeddable":true,"href":"https:\/\/casadolivreiro.pt\/index.php\/wp-json\/wp\/v2\/media\/6873"}],"wp:attachment":[{"href":"https:\/\/casadolivreiro.pt\/index.php\/wp-json\/wp\/v2\/media?parent=6872"}],"wp:term":[{"taxonomy":"product_cat","embeddable":true,"href":"https:\/\/casadolivreiro.pt\/index.php\/wp-json\/wp\/v2\/product_cat?post=6872"},{"taxonomy":"product_tag","embeddable":true,"href":"https:\/\/casadolivreiro.pt\/index.php\/wp-json\/wp\/v2\/product_tag?post=6872"}],"curies":[{"name":"wp","href":"https:\/\/api.w.org\/{rel}","templated":true}]}}