{"id":6870,"date":"2026-03-27T19:54:08","date_gmt":"2026-03-27T19:54:08","guid":{"rendered":"https:\/\/casadolivreiro.pt\/?post_type=product&#038;p=6870"},"modified":"2026-03-27T19:54:08","modified_gmt":"2026-03-27T19:54:08","slug":"a-paixao-de-sylvia-dale-john-kennedy","status":"publish","type":"product","link":"https:\/\/casadolivreiro.pt\/index.php\/product\/a-paixao-de-sylvia-dale-john-kennedy\/","title":{"rendered":"A PAIX\u00c3O DE SYLVIA DALE &#8211; John Kennedy"},"content":{"rendered":"<p>A PAIX\u00c3O DE SYLVIA DALE<\/p>\n<p>John Kennedy<\/p>\n<p>Tradu\u00e7\u00e3o de Almirante Alberto Apr\u00e1<\/p>\n<p>Ano de edi\u00e7\u00e3o: 1946<\/p>\n<p>Editor: Livraria Popular de Francisco Franco, Lisboa<\/p>\n<p>Idioma: Portugu\u00eas<\/p>\n<p>Dimens\u00f5es: 13.3 x 1.7 x 19.8cm<\/p>\n<p>Encaderna\u00e7\u00e3o: Capa mole<\/p>\n<p>P\u00e1ginas: 228<\/p>\n","protected":false},"excerpt":{"rendered":"<p>A PAIX\u00c3O DE SYLVIA DALE John Kennedy Tradu\u00e7\u00e3o de Almirante Alberto Apr\u00e1 Ano de edi\u00e7\u00e3o: 1946 Editor: Livraria Popular de Francisco Franco, Lisboa Idioma: Portugu\u00eas Dimens\u00f5es: 13.3 x 1.7 x 19.8cm Encaderna\u00e7\u00e3o: Capa mole P\u00e1ginas: 228<\/p>\n","protected":false},"featured_media":6871,"comment_status":"open","ping_status":"closed","template":"","meta":{"om_disable_all_campaigns":false,"_monsterinsights_skip_tracking":false,"_monsterinsights_sitenote_active":false,"_monsterinsights_sitenote_note":"","_monsterinsights_sitenote_category":0,"_uf_show_specific_survey":0,"_uf_disable_surveys":false},"product_cat":[26],"product_tag":[],"aioseo_notices":[],"jetpack_sharing_enabled":true,"_links":{"self":[{"href":"https:\/\/casadolivreiro.pt\/index.php\/wp-json\/wp\/v2\/product\/6870"}],"collection":[{"href":"https:\/\/casadolivreiro.pt\/index.php\/wp-json\/wp\/v2\/product"}],"about":[{"href":"https:\/\/casadolivreiro.pt\/index.php\/wp-json\/wp\/v2\/types\/product"}],"replies":[{"embeddable":true,"href":"https:\/\/casadolivreiro.pt\/index.php\/wp-json\/wp\/v2\/comments?post=6870"}],"wp:featuredmedia":[{"embeddable":true,"href":"https:\/\/casadolivreiro.pt\/index.php\/wp-json\/wp\/v2\/media\/6871"}],"wp:attachment":[{"href":"https:\/\/casadolivreiro.pt\/index.php\/wp-json\/wp\/v2\/media?parent=6870"}],"wp:term":[{"taxonomy":"product_cat","embeddable":true,"href":"https:\/\/casadolivreiro.pt\/index.php\/wp-json\/wp\/v2\/product_cat?post=6870"},{"taxonomy":"product_tag","embeddable":true,"href":"https:\/\/casadolivreiro.pt\/index.php\/wp-json\/wp\/v2\/product_tag?post=6870"}],"curies":[{"name":"wp","href":"https:\/\/api.w.org\/{rel}","templated":true}]}}