{"id":6864,"date":"2026-03-27T19:48:37","date_gmt":"2026-03-27T19:48:37","guid":{"rendered":"https:\/\/casadolivreiro.pt\/?post_type=product&#038;p=6864"},"modified":"2026-03-27T19:48:38","modified_gmt":"2026-03-27T19:48:38","slug":"souvenance-chorava-yves-dermeze","status":"publish","type":"product","link":"https:\/\/casadolivreiro.pt\/index.php\/product\/souvenance-chorava-yves-dermeze\/","title":{"rendered":"SOUVENANCE CHORAVA\u2026 &#8211; Yves Derm\u00e8ze"},"content":{"rendered":"<p>SOUVENANCE CHORAVA\u2026<\/p>\n<p>Yves Derm\u00e8ze<\/p>\n<p>Tradu\u00e7\u00e3o de Jo\u00e3o Semana<\/p>\n<p>Ano de edi\u00e7\u00e3o: 1951<\/p>\n<p>Editor: Livraria Cl\u00e1ssica Editora, Lisboa<\/p>\n<p>Idioma: Portugu\u00eas<\/p>\n<p>Dimens\u00f5es: 12 x 1.4 x 19.2cm<\/p>\n<p>Encaderna\u00e7\u00e3o: Capa mole<\/p>\n<p>P\u00e1ginas: 194<\/p>\n","protected":false},"excerpt":{"rendered":"<p>SOUVENANCE CHORAVA\u2026 Yves Derm\u00e8ze Tradu\u00e7\u00e3o de Jo\u00e3o Semana Ano de edi\u00e7\u00e3o: 1951 Editor: Livraria Cl\u00e1ssica Editora, Lisboa Idioma: Portugu\u00eas Dimens\u00f5es: 12 x 1.4 x 19.2cm Encaderna\u00e7\u00e3o: Capa mole P\u00e1ginas: 194<\/p>\n","protected":false},"featured_media":6865,"comment_status":"open","ping_status":"closed","template":"","meta":{"om_disable_all_campaigns":false,"_monsterinsights_skip_tracking":false,"_monsterinsights_sitenote_active":false,"_monsterinsights_sitenote_note":"","_monsterinsights_sitenote_category":0,"_uf_show_specific_survey":0,"_uf_disable_surveys":false},"product_cat":[26],"product_tag":[],"aioseo_notices":[],"jetpack_sharing_enabled":true,"_links":{"self":[{"href":"https:\/\/casadolivreiro.pt\/index.php\/wp-json\/wp\/v2\/product\/6864"}],"collection":[{"href":"https:\/\/casadolivreiro.pt\/index.php\/wp-json\/wp\/v2\/product"}],"about":[{"href":"https:\/\/casadolivreiro.pt\/index.php\/wp-json\/wp\/v2\/types\/product"}],"replies":[{"embeddable":true,"href":"https:\/\/casadolivreiro.pt\/index.php\/wp-json\/wp\/v2\/comments?post=6864"}],"wp:featuredmedia":[{"embeddable":true,"href":"https:\/\/casadolivreiro.pt\/index.php\/wp-json\/wp\/v2\/media\/6865"}],"wp:attachment":[{"href":"https:\/\/casadolivreiro.pt\/index.php\/wp-json\/wp\/v2\/media?parent=6864"}],"wp:term":[{"taxonomy":"product_cat","embeddable":true,"href":"https:\/\/casadolivreiro.pt\/index.php\/wp-json\/wp\/v2\/product_cat?post=6864"},{"taxonomy":"product_tag","embeddable":true,"href":"https:\/\/casadolivreiro.pt\/index.php\/wp-json\/wp\/v2\/product_tag?post=6864"}],"curies":[{"name":"wp","href":"https:\/\/api.w.org\/{rel}","templated":true}]}}