{"id":686,"date":"2024-03-16T21:30:33","date_gmt":"2024-03-16T21:30:33","guid":{"rendered":"https:\/\/casadolivreiro.pt\/?post_type=product&#038;p=686"},"modified":"2024-03-16T21:30:33","modified_gmt":"2024-03-16T21:30:33","slug":"canto-de-sol-e-sal-diario-do-meu-pais-jose-joaquim-lopes-morgado","status":"publish","type":"product","link":"https:\/\/casadolivreiro.pt\/index.php\/product\/canto-de-sol-e-sal-diario-do-meu-pais-jose-joaquim-lopes-morgado\/","title":{"rendered":"CANTO DE SOL E SAL: Di\u00e1rio do meu pais &#8211; Jos\u00e9 Joaquim Lopes Morgado"},"content":{"rendered":"<p>CANTO DE SOL E SAL: Di\u00e1rio do meu pais<br \/>\nJos\u00e9 Joaquim Lopes Morgado<br \/>\nAno de edi\u00e7\u00e3o: 1983<br \/>\nEditor: Multinova, Lisboa<br \/>\nIdioma: Portugu\u00eas<br \/>\nDimens\u00f5es: 11.5 x 0.8 x 18 cm<br \/>\nEncaderna\u00e7\u00e3o: Capa mole<br \/>\nP\u00e1ginas: 142<\/p>\n","protected":false},"excerpt":{"rendered":"<p>CANTO DE SOL E SAL: Di\u00e1rio do meu pais Jos\u00e9 Joaquim Lopes Morgado Ano de edi\u00e7\u00e3o: 1983 Editor: Multinova, Lisboa Idioma: Portugu\u00eas Dimens\u00f5es: 11.5 x 0.8 x 18 cm Encaderna\u00e7\u00e3o: Capa mole P\u00e1ginas: 142<\/p>\n","protected":false},"featured_media":687,"comment_status":"open","ping_status":"closed","template":"","meta":{"om_disable_all_campaigns":false,"_monsterinsights_skip_tracking":false,"_monsterinsights_sitenote_active":false,"_monsterinsights_sitenote_note":"","_monsterinsights_sitenote_category":0,"_uf_show_specific_survey":0,"_uf_disable_surveys":false},"product_cat":[27],"product_tag":[],"aioseo_notices":[],"jetpack_sharing_enabled":true,"_links":{"self":[{"href":"https:\/\/casadolivreiro.pt\/index.php\/wp-json\/wp\/v2\/product\/686"}],"collection":[{"href":"https:\/\/casadolivreiro.pt\/index.php\/wp-json\/wp\/v2\/product"}],"about":[{"href":"https:\/\/casadolivreiro.pt\/index.php\/wp-json\/wp\/v2\/types\/product"}],"replies":[{"embeddable":true,"href":"https:\/\/casadolivreiro.pt\/index.php\/wp-json\/wp\/v2\/comments?post=686"}],"wp:featuredmedia":[{"embeddable":true,"href":"https:\/\/casadolivreiro.pt\/index.php\/wp-json\/wp\/v2\/media\/687"}],"wp:attachment":[{"href":"https:\/\/casadolivreiro.pt\/index.php\/wp-json\/wp\/v2\/media?parent=686"}],"wp:term":[{"taxonomy":"product_cat","embeddable":true,"href":"https:\/\/casadolivreiro.pt\/index.php\/wp-json\/wp\/v2\/product_cat?post=686"},{"taxonomy":"product_tag","embeddable":true,"href":"https:\/\/casadolivreiro.pt\/index.php\/wp-json\/wp\/v2\/product_tag?post=686"}],"curies":[{"name":"wp","href":"https:\/\/api.w.org\/{rel}","templated":true}]}}