{"id":6859,"date":"2026-03-27T19:31:17","date_gmt":"2026-03-27T19:31:17","guid":{"rendered":"https:\/\/casadolivreiro.pt\/?post_type=product&#038;p=6859"},"modified":"2026-03-27T19:31:17","modified_gmt":"2026-03-27T19:31:17","slug":"assassino-de-si-proprio-herbert-gibbons","status":"publish","type":"product","link":"https:\/\/casadolivreiro.pt\/index.php\/product\/assassino-de-si-proprio-herbert-gibbons\/","title":{"rendered":"ASSASSINO DE SI PR\u00d3PRIO &#8211; Herbert Gibbons"},"content":{"rendered":"<p>ASSASSINO DE SI PR\u00d3PRIO<\/p>\n<p>Herbert Gibbons<\/p>\n<p>Vers\u00e3o Portuguesa de Manuel Morais<\/p>\n<p>Ano de edi\u00e7\u00e3o: 1947<\/p>\n<p>Editor: Edi\u00e7\u00e3o Romano Torres, Lisboa<\/p>\n<p>Idioma: Portugu\u00eas<\/p>\n<p>Dimens\u00f5es: 12 x 1.9 x 19.2cm<\/p>\n<p>Encaderna\u00e7\u00e3o: Capa mole<\/p>\n<p>P\u00e1ginas: 202<\/p>\n","protected":false},"excerpt":{"rendered":"<p>ASSASSINO DE SI PR\u00d3PRIO Herbert Gibbons Vers\u00e3o Portuguesa de Manuel Morais Ano de edi\u00e7\u00e3o: 1947 Editor: Edi\u00e7\u00e3o Romano Torres, Lisboa Idioma: Portugu\u00eas Dimens\u00f5es: 12 x 1.9 x 19.2cm Encaderna\u00e7\u00e3o: Capa mole P\u00e1ginas: 202<\/p>\n","protected":false},"featured_media":6860,"comment_status":"open","ping_status":"closed","template":"","meta":{"om_disable_all_campaigns":false,"_monsterinsights_skip_tracking":false,"_monsterinsights_sitenote_active":false,"_monsterinsights_sitenote_note":"","_monsterinsights_sitenote_category":0,"_uf_show_specific_survey":0,"_uf_disable_surveys":false},"product_cat":[26,44],"product_tag":[],"aioseo_notices":[],"jetpack_sharing_enabled":true,"_links":{"self":[{"href":"https:\/\/casadolivreiro.pt\/index.php\/wp-json\/wp\/v2\/product\/6859"}],"collection":[{"href":"https:\/\/casadolivreiro.pt\/index.php\/wp-json\/wp\/v2\/product"}],"about":[{"href":"https:\/\/casadolivreiro.pt\/index.php\/wp-json\/wp\/v2\/types\/product"}],"replies":[{"embeddable":true,"href":"https:\/\/casadolivreiro.pt\/index.php\/wp-json\/wp\/v2\/comments?post=6859"}],"wp:featuredmedia":[{"embeddable":true,"href":"https:\/\/casadolivreiro.pt\/index.php\/wp-json\/wp\/v2\/media\/6860"}],"wp:attachment":[{"href":"https:\/\/casadolivreiro.pt\/index.php\/wp-json\/wp\/v2\/media?parent=6859"}],"wp:term":[{"taxonomy":"product_cat","embeddable":true,"href":"https:\/\/casadolivreiro.pt\/index.php\/wp-json\/wp\/v2\/product_cat?post=6859"},{"taxonomy":"product_tag","embeddable":true,"href":"https:\/\/casadolivreiro.pt\/index.php\/wp-json\/wp\/v2\/product_tag?post=6859"}],"curies":[{"name":"wp","href":"https:\/\/api.w.org\/{rel}","templated":true}]}}