{"id":6849,"date":"2026-03-27T16:51:30","date_gmt":"2026-03-27T16:51:30","guid":{"rendered":"https:\/\/casadolivreiro.pt\/?post_type=product&#038;p=6849"},"modified":"2026-03-27T16:51:30","modified_gmt":"2026-03-27T16:51:30","slug":"a-visao-ethel-m-dell","status":"publish","type":"product","link":"https:\/\/casadolivreiro.pt\/index.php\/product\/a-visao-ethel-m-dell\/","title":{"rendered":"A VIS\u00c3O &#8211; Ethel M. Dell"},"content":{"rendered":"<p>A VIS\u00c3O<\/p>\n<p>Ethel M. Dell<\/p>\n<p>Tradu\u00e7\u00e3o de Eug\u00e9nio Navarro<\/p>\n<p>Ano de edi\u00e7\u00e3o:<\/p>\n<p>Editor: Editorial Minerva, Lisboa<\/p>\n<p>Idioma: Portugu\u00eas<\/p>\n<p>Dimens\u00f5es: 13 x 2.2 x 18.7cm<\/p>\n<p>Encaderna\u00e7\u00e3o: Capa mole<\/p>\n<p>P\u00e1ginas: 334<\/p>\n","protected":false},"excerpt":{"rendered":"<p>A VIS\u00c3O Ethel M. Dell Tradu\u00e7\u00e3o de Eug\u00e9nio Navarro Ano de edi\u00e7\u00e3o: Editor: Editorial Minerva, Lisboa Idioma: Portugu\u00eas Dimens\u00f5es: 13 x 2.2 x 18.7cm Encaderna\u00e7\u00e3o: Capa mole P\u00e1ginas: 334<\/p>\n","protected":false},"featured_media":6850,"comment_status":"open","ping_status":"closed","template":"","meta":{"om_disable_all_campaigns":false,"_monsterinsights_skip_tracking":false,"_monsterinsights_sitenote_active":false,"_monsterinsights_sitenote_note":"","_monsterinsights_sitenote_category":0,"_uf_show_specific_survey":0,"_uf_disable_surveys":false},"product_cat":[26],"product_tag":[],"aioseo_notices":[],"jetpack_sharing_enabled":true,"_links":{"self":[{"href":"https:\/\/casadolivreiro.pt\/index.php\/wp-json\/wp\/v2\/product\/6849"}],"collection":[{"href":"https:\/\/casadolivreiro.pt\/index.php\/wp-json\/wp\/v2\/product"}],"about":[{"href":"https:\/\/casadolivreiro.pt\/index.php\/wp-json\/wp\/v2\/types\/product"}],"replies":[{"embeddable":true,"href":"https:\/\/casadolivreiro.pt\/index.php\/wp-json\/wp\/v2\/comments?post=6849"}],"wp:featuredmedia":[{"embeddable":true,"href":"https:\/\/casadolivreiro.pt\/index.php\/wp-json\/wp\/v2\/media\/6850"}],"wp:attachment":[{"href":"https:\/\/casadolivreiro.pt\/index.php\/wp-json\/wp\/v2\/media?parent=6849"}],"wp:term":[{"taxonomy":"product_cat","embeddable":true,"href":"https:\/\/casadolivreiro.pt\/index.php\/wp-json\/wp\/v2\/product_cat?post=6849"},{"taxonomy":"product_tag","embeddable":true,"href":"https:\/\/casadolivreiro.pt\/index.php\/wp-json\/wp\/v2\/product_tag?post=6849"}],"curies":[{"name":"wp","href":"https:\/\/api.w.org\/{rel}","templated":true}]}}