{"id":6847,"date":"2026-03-27T16:49:22","date_gmt":"2026-03-27T16:49:22","guid":{"rendered":"https:\/\/casadolivreiro.pt\/?post_type=product&#038;p=6847"},"modified":"2026-03-27T16:49:23","modified_gmt":"2026-03-27T16:49:23","slug":"do-himalaia-ao-tibete-henry-dalton-e-philip-gray","status":"publish","type":"product","link":"https:\/\/casadolivreiro.pt\/index.php\/product\/do-himalaia-ao-tibete-henry-dalton-e-philip-gray\/","title":{"rendered":"DO HIMALAIA AO TIBETE &#8211; Henry Dalton e Philip Gray"},"content":{"rendered":"<p>DO HIMALAIA AO TIBETE<\/p>\n<p>Henry Dalton e Philip Gray<\/p>\n<p>Vers\u00e3o livre de Mario Domingues<\/p>\n<p>A Volta ao Mundo por dois Aventureiros #5<\/p>\n<p>Ano de edi\u00e7\u00e3o:\u00a0 1957<\/p>\n<p>Editor: Livraria Civiliza\u00e7\u00e3o, Porto<\/p>\n<p>Idioma: Portugu\u00eas<\/p>\n<p>Dimens\u00f5es: 10.5 x 1.3 x 16cm<\/p>\n<p>Encaderna\u00e7\u00e3o: Capa mole<\/p>\n<p>P\u00e1ginas: 223<\/p>\n","protected":false},"excerpt":{"rendered":"<p>DO HIMALAIA AO TIBETE Henry Dalton e Philip Gray Vers\u00e3o livre de Mario Domingues A Volta ao Mundo por dois Aventureiros #5 Ano de edi\u00e7\u00e3o:\u00a0 1957 Editor: Livraria Civiliza\u00e7\u00e3o, Porto Idioma: Portugu\u00eas Dimens\u00f5es: 10.5 x 1.3 x 16cm Encaderna\u00e7\u00e3o: Capa mole P\u00e1ginas: 223<\/p>\n","protected":false},"featured_media":6848,"comment_status":"open","ping_status":"closed","template":"","meta":{"om_disable_all_campaigns":false,"_monsterinsights_skip_tracking":false,"_monsterinsights_sitenote_active":false,"_monsterinsights_sitenote_note":"","_monsterinsights_sitenote_category":0,"_uf_show_specific_survey":0,"_uf_disable_surveys":false},"product_cat":[34,26],"product_tag":[],"aioseo_notices":[],"jetpack_sharing_enabled":true,"_links":{"self":[{"href":"https:\/\/casadolivreiro.pt\/index.php\/wp-json\/wp\/v2\/product\/6847"}],"collection":[{"href":"https:\/\/casadolivreiro.pt\/index.php\/wp-json\/wp\/v2\/product"}],"about":[{"href":"https:\/\/casadolivreiro.pt\/index.php\/wp-json\/wp\/v2\/types\/product"}],"replies":[{"embeddable":true,"href":"https:\/\/casadolivreiro.pt\/index.php\/wp-json\/wp\/v2\/comments?post=6847"}],"wp:featuredmedia":[{"embeddable":true,"href":"https:\/\/casadolivreiro.pt\/index.php\/wp-json\/wp\/v2\/media\/6848"}],"wp:attachment":[{"href":"https:\/\/casadolivreiro.pt\/index.php\/wp-json\/wp\/v2\/media?parent=6847"}],"wp:term":[{"taxonomy":"product_cat","embeddable":true,"href":"https:\/\/casadolivreiro.pt\/index.php\/wp-json\/wp\/v2\/product_cat?post=6847"},{"taxonomy":"product_tag","embeddable":true,"href":"https:\/\/casadolivreiro.pt\/index.php\/wp-json\/wp\/v2\/product_tag?post=6847"}],"curies":[{"name":"wp","href":"https:\/\/api.w.org\/{rel}","templated":true}]}}