{"id":683,"date":"2024-03-16T21:26:49","date_gmt":"2024-03-16T21:26:49","guid":{"rendered":"https:\/\/casadolivreiro.pt\/?post_type=product&#038;p=683"},"modified":"2026-01-11T16:10:17","modified_gmt":"2026-01-11T16:10:17","slug":"poesia-a-maresia-e-o-sargaco-dos-dias-prosa-corpo-recusado-luisa-dacosta","status":"publish","type":"product","link":"https:\/\/casadolivreiro.pt\/index.php\/product\/poesia-a-maresia-e-o-sargaco-dos-dias-prosa-corpo-recusado-luisa-dacosta\/","title":{"rendered":"POESIA: A MARESIA E O SARGA\u00c7O DOS DIAS &#8211; PROSA: CORPO RECUSADO &#8211; Lu\u00edsa Dacosta"},"content":{"rendered":"<p>POESIA: A MARESIA E O SARGA\u00c7O DOS DIAS<br \/>\nPROSA: CORPO RECUSADO<br \/>\nLu\u00edsa Dacosta<br \/>\nAno de edi\u00e7\u00e3o: 2011<br \/>\nEditor: Edi\u00e7\u00f5es ASA II, S.A. ( Grupo Leya)<br \/>\nIdioma: Portugu\u00eas<br \/>\nDimens\u00f5es: 12.5 x 1 x 19 cm<br \/>\nEncaderna\u00e7\u00e3o: Capa dura<br \/>\nP\u00e1ginas: 76 (Poesia) e 115 (Prosa)<\/p>\n","protected":false},"excerpt":{"rendered":"<p>POESIA: A MARESIA E O SARGA\u00c7O DOS DIAS PROSA: CORPO RECUSADO Lu\u00edsa Dacosta Ano de edi\u00e7\u00e3o: 2011 Editor: Edi\u00e7\u00f5es ASA II, S.A. ( Grupo Leya) Idioma: Portugu\u00eas Dimens\u00f5es: 12.5 x 1 x 19 cm Encaderna\u00e7\u00e3o: Capa dura P\u00e1ginas: 76 (Poesia) e 115 (Prosa)<\/p>\n","protected":false},"featured_media":684,"comment_status":"open","ping_status":"closed","template":"","meta":{"om_disable_all_campaigns":false,"_monsterinsights_skip_tracking":false,"_monsterinsights_sitenote_active":false,"_monsterinsights_sitenote_note":"","_monsterinsights_sitenote_category":0,"_uf_show_specific_survey":0,"_uf_disable_surveys":false},"product_cat":[25,27],"product_tag":[],"aioseo_notices":[],"jetpack_sharing_enabled":true,"_links":{"self":[{"href":"https:\/\/casadolivreiro.pt\/index.php\/wp-json\/wp\/v2\/product\/683"}],"collection":[{"href":"https:\/\/casadolivreiro.pt\/index.php\/wp-json\/wp\/v2\/product"}],"about":[{"href":"https:\/\/casadolivreiro.pt\/index.php\/wp-json\/wp\/v2\/types\/product"}],"replies":[{"embeddable":true,"href":"https:\/\/casadolivreiro.pt\/index.php\/wp-json\/wp\/v2\/comments?post=683"}],"wp:featuredmedia":[{"embeddable":true,"href":"https:\/\/casadolivreiro.pt\/index.php\/wp-json\/wp\/v2\/media\/684"}],"wp:attachment":[{"href":"https:\/\/casadolivreiro.pt\/index.php\/wp-json\/wp\/v2\/media?parent=683"}],"wp:term":[{"taxonomy":"product_cat","embeddable":true,"href":"https:\/\/casadolivreiro.pt\/index.php\/wp-json\/wp\/v2\/product_cat?post=683"},{"taxonomy":"product_tag","embeddable":true,"href":"https:\/\/casadolivreiro.pt\/index.php\/wp-json\/wp\/v2\/product_tag?post=683"}],"curies":[{"name":"wp","href":"https:\/\/api.w.org\/{rel}","templated":true}]}}