{"id":681,"date":"2024-03-16T21:21:51","date_gmt":"2024-03-16T21:21:51","guid":{"rendered":"https:\/\/casadolivreiro.pt\/?post_type=product&#038;p=681"},"modified":"2024-03-16T21:21:51","modified_gmt":"2024-03-16T21:21:51","slug":"cozinha-regional-portuguesa-conservas-doce","status":"publish","type":"product","link":"https:\/\/casadolivreiro.pt\/index.php\/product\/cozinha-regional-portuguesa-conservas-doce\/","title":{"rendered":"COZINHA REGIONAL PORTUGUESA: CONSERVAS DOCE"},"content":{"rendered":"<p>COZINHA REGIONAL PORTUGUESA: CONSERVAS DOCE<br \/>\nISBN: 972-611-396-2<br \/>\nAno de edi\u00e7\u00e3o: 1998<br \/>\nEditor: Abril-Controljornal Editora Lda.<br \/>\nIdioma: Portugu\u00eas<br \/>\nDimens\u00f5es: 13.5 x 0.5 x 20 cm<br \/>\nEncaderna\u00e7\u00e3o: Capa dura<br \/>\nP\u00e1ginas: 65<\/p>\n","protected":false},"excerpt":{"rendered":"<p>COZINHA REGIONAL PORTUGUESA: CONSERVAS DOCE ISBN: 972-611-396-2 Ano de edi\u00e7\u00e3o: 1998 Editor: Abril-Controljornal Editora Lda. Idioma: Portugu\u00eas Dimens\u00f5es: 13.5 x 0.5 x 20 cm Encaderna\u00e7\u00e3o: Capa dura P\u00e1ginas: 65<\/p>\n","protected":false},"featured_media":682,"comment_status":"open","ping_status":"closed","template":"","meta":{"om_disable_all_campaigns":false,"_monsterinsights_skip_tracking":false,"_monsterinsights_sitenote_active":false,"_monsterinsights_sitenote_note":"","_monsterinsights_sitenote_category":0,"_uf_show_specific_survey":0,"_uf_disable_surveys":false},"product_cat":[40],"product_tag":[],"aioseo_notices":[],"jetpack_sharing_enabled":true,"_links":{"self":[{"href":"https:\/\/casadolivreiro.pt\/index.php\/wp-json\/wp\/v2\/product\/681"}],"collection":[{"href":"https:\/\/casadolivreiro.pt\/index.php\/wp-json\/wp\/v2\/product"}],"about":[{"href":"https:\/\/casadolivreiro.pt\/index.php\/wp-json\/wp\/v2\/types\/product"}],"replies":[{"embeddable":true,"href":"https:\/\/casadolivreiro.pt\/index.php\/wp-json\/wp\/v2\/comments?post=681"}],"wp:featuredmedia":[{"embeddable":true,"href":"https:\/\/casadolivreiro.pt\/index.php\/wp-json\/wp\/v2\/media\/682"}],"wp:attachment":[{"href":"https:\/\/casadolivreiro.pt\/index.php\/wp-json\/wp\/v2\/media?parent=681"}],"wp:term":[{"taxonomy":"product_cat","embeddable":true,"href":"https:\/\/casadolivreiro.pt\/index.php\/wp-json\/wp\/v2\/product_cat?post=681"},{"taxonomy":"product_tag","embeddable":true,"href":"https:\/\/casadolivreiro.pt\/index.php\/wp-json\/wp\/v2\/product_tag?post=681"}],"curies":[{"name":"wp","href":"https:\/\/api.w.org\/{rel}","templated":true}]}}