{"id":6809,"date":"2026-03-27T15:42:11","date_gmt":"2026-03-27T15:42:11","guid":{"rendered":"https:\/\/casadolivreiro.pt\/?post_type=product&#038;p=6809"},"modified":"2026-03-27T15:42:11","modified_gmt":"2026-03-27T15:42:11","slug":"iii-congresso-da-uniao-nacional-resumos-das-teses-da-3-a-seccao","status":"publish","type":"product","link":"https:\/\/casadolivreiro.pt\/index.php\/product\/iii-congresso-da-uniao-nacional-resumos-das-teses-da-3-a-seccao\/","title":{"rendered":"III CONGRESSO DA UNI\u00c3O NACIONAL &#8211; Resumos das teses da 3.\u00aa sec\u00e7\u00e3o"},"content":{"rendered":"<p>III CONGRESSO DA UNI\u00c3O NACIONAL<\/p>\n<p>Resumos das teses da 3.\u00aa sec\u00e7\u00e3o<\/p>\n<p>Ano de edi\u00e7\u00e3o: 1951<\/p>\n<p>Editor: Uni\u00e3o Nacional, Coimbra<\/p>\n<p>Idioma: Portugu\u00eas<\/p>\n<p>Dimens\u00f5es: 12.8 x 1 x 18.5cm<\/p>\n<p>Encaderna\u00e7\u00e3o: Capa mole<\/p>\n<p>P\u00e1ginas: 131<\/p>\n","protected":false},"excerpt":{"rendered":"<p>III CONGRESSO DA UNI\u00c3O NACIONAL Resumos das teses da 3.\u00aa sec\u00e7\u00e3o Ano de edi\u00e7\u00e3o: 1951 Editor: Uni\u00e3o Nacional, Coimbra Idioma: Portugu\u00eas Dimens\u00f5es: 12.8 x 1 x 18.5cm Encaderna\u00e7\u00e3o: Capa mole P\u00e1ginas: 131<\/p>\n","protected":false},"featured_media":6810,"comment_status":"open","ping_status":"closed","template":"","meta":{"om_disable_all_campaigns":false,"_monsterinsights_skip_tracking":false,"_monsterinsights_sitenote_active":false,"_monsterinsights_sitenote_note":"","_monsterinsights_sitenote_category":0,"_uf_show_specific_survey":0,"_uf_disable_surveys":false},"product_cat":[31,30,51],"product_tag":[],"aioseo_notices":[],"jetpack_sharing_enabled":true,"_links":{"self":[{"href":"https:\/\/casadolivreiro.pt\/index.php\/wp-json\/wp\/v2\/product\/6809"}],"collection":[{"href":"https:\/\/casadolivreiro.pt\/index.php\/wp-json\/wp\/v2\/product"}],"about":[{"href":"https:\/\/casadolivreiro.pt\/index.php\/wp-json\/wp\/v2\/types\/product"}],"replies":[{"embeddable":true,"href":"https:\/\/casadolivreiro.pt\/index.php\/wp-json\/wp\/v2\/comments?post=6809"}],"wp:featuredmedia":[{"embeddable":true,"href":"https:\/\/casadolivreiro.pt\/index.php\/wp-json\/wp\/v2\/media\/6810"}],"wp:attachment":[{"href":"https:\/\/casadolivreiro.pt\/index.php\/wp-json\/wp\/v2\/media?parent=6809"}],"wp:term":[{"taxonomy":"product_cat","embeddable":true,"href":"https:\/\/casadolivreiro.pt\/index.php\/wp-json\/wp\/v2\/product_cat?post=6809"},{"taxonomy":"product_tag","embeddable":true,"href":"https:\/\/casadolivreiro.pt\/index.php\/wp-json\/wp\/v2\/product_tag?post=6809"}],"curies":[{"name":"wp","href":"https:\/\/api.w.org\/{rel}","templated":true}]}}