{"id":6798,"date":"2026-03-27T15:30:02","date_gmt":"2026-03-27T15:30:02","guid":{"rendered":"https:\/\/casadolivreiro.pt\/?post_type=product&#038;p=6798"},"modified":"2026-03-27T15:30:04","modified_gmt":"2026-03-27T15:30:04","slug":"hinos-de-siao-hinario-da-igreja-adventista-do-setimo-dia-movimento-de-reforma","status":"publish","type":"product","link":"https:\/\/casadolivreiro.pt\/index.php\/product\/hinos-de-siao-hinario-da-igreja-adventista-do-setimo-dia-movimento-de-reforma\/","title":{"rendered":"HINOS DE SI\u00c3O &#8211; Hin\u00e1rio da Igreja Adventista do S\u00e9timo Dia \u2013 Movimento de Reforma"},"content":{"rendered":"<p>HINOS DE SI\u00c3O<\/p>\n<p>Hin\u00e1rio da Igreja Adventista do S\u00e9timo Dia \u2013 Movimento de Reforma<\/p>\n<p>Ano de edi\u00e7\u00e3o: 1966<\/p>\n<p>Editor: Editora Mission\u00e1ria \u201cA Verdade Presente\u201d<\/p>\n<p>Idioma: Portugu\u00eas<\/p>\n<p>Dimens\u00f5es: 12 x 1.8 x 18.9cm<\/p>\n<p>Encaderna\u00e7\u00e3o: Capa dura<\/p>\n<p>P\u00e1ginas: 234<\/p>\n","protected":false},"excerpt":{"rendered":"<p>HINOS DE SI\u00c3O Hin\u00e1rio da Igreja Adventista do S\u00e9timo Dia \u2013 Movimento de Reforma Ano de edi\u00e7\u00e3o: 1966 Editor: Editora Mission\u00e1ria \u201cA Verdade Presente\u201d Idioma: Portugu\u00eas Dimens\u00f5es: 12 x 1.8 x 18.9cm Encaderna\u00e7\u00e3o: Capa dura P\u00e1ginas: 234<\/p>\n","protected":false},"featured_media":6799,"comment_status":"open","ping_status":"closed","template":"","meta":{"om_disable_all_campaigns":false,"_monsterinsights_skip_tracking":false,"_monsterinsights_sitenote_active":false,"_monsterinsights_sitenote_note":"","_monsterinsights_sitenote_category":0,"_uf_show_specific_survey":0,"_uf_disable_surveys":false},"product_cat":[33],"product_tag":[],"aioseo_notices":[],"jetpack_sharing_enabled":true,"_links":{"self":[{"href":"https:\/\/casadolivreiro.pt\/index.php\/wp-json\/wp\/v2\/product\/6798"}],"collection":[{"href":"https:\/\/casadolivreiro.pt\/index.php\/wp-json\/wp\/v2\/product"}],"about":[{"href":"https:\/\/casadolivreiro.pt\/index.php\/wp-json\/wp\/v2\/types\/product"}],"replies":[{"embeddable":true,"href":"https:\/\/casadolivreiro.pt\/index.php\/wp-json\/wp\/v2\/comments?post=6798"}],"wp:featuredmedia":[{"embeddable":true,"href":"https:\/\/casadolivreiro.pt\/index.php\/wp-json\/wp\/v2\/media\/6799"}],"wp:attachment":[{"href":"https:\/\/casadolivreiro.pt\/index.php\/wp-json\/wp\/v2\/media?parent=6798"}],"wp:term":[{"taxonomy":"product_cat","embeddable":true,"href":"https:\/\/casadolivreiro.pt\/index.php\/wp-json\/wp\/v2\/product_cat?post=6798"},{"taxonomy":"product_tag","embeddable":true,"href":"https:\/\/casadolivreiro.pt\/index.php\/wp-json\/wp\/v2\/product_tag?post=6798"}],"curies":[{"name":"wp","href":"https:\/\/api.w.org\/{rel}","templated":true}]}}