{"id":6734,"date":"2026-03-23T19:46:25","date_gmt":"2026-03-23T19:46:25","guid":{"rendered":"https:\/\/casadolivreiro.pt\/?post_type=product&#038;p=6734"},"modified":"2026-03-23T19:46:26","modified_gmt":"2026-03-23T19:46:26","slug":"art-forum-berlin-30-sept-04-oct-2006-catalog","status":"publish","type":"product","link":"https:\/\/casadolivreiro.pt\/index.php\/product\/art-forum-berlin-30-sept-04-oct-2006-catalog\/","title":{"rendered":"ART FORUM BERLIN  30 SEPT \u2013 04 OCT 2006 &#8211; Catalog"},"content":{"rendered":"<p>ART FORUM BERLIN\u00a0 30 SEPT \u2013 04 OCT 2006<\/p>\n<p>Catalog<\/p>\n<p>Ano de edi\u00e7\u00e3o: 2006<\/p>\n<p>Editor: Messe Berlin GmbH<\/p>\n<p>Idioma: Alem\u00e3o \/ Ingl\u00eas<\/p>\n<p>Dimens\u00f5es: 21 x 3 x 21cm<\/p>\n<p>Encaderna\u00e7\u00e3o: Capa mole<\/p>\n<p>P\u00e1ginas: 470<\/p>\n","protected":false},"excerpt":{"rendered":"<p>ART FORUM BERLIN\u00a0 30 SEPT \u2013 04 OCT 2006 Catalog Ano de edi\u00e7\u00e3o: 2006 Editor: Messe Berlin GmbH Idioma: Alem\u00e3o \/ Ingl\u00eas Dimens\u00f5es: 21 x 3 x 21cm Encaderna\u00e7\u00e3o: Capa mole P\u00e1ginas: 470<\/p>\n","protected":false},"featured_media":6735,"comment_status":"open","ping_status":"closed","template":"","meta":{"om_disable_all_campaigns":false,"_monsterinsights_skip_tracking":false,"_monsterinsights_sitenote_active":false,"_monsterinsights_sitenote_note":"","_monsterinsights_sitenote_category":0,"_uf_show_specific_survey":0,"_uf_disable_surveys":false},"product_cat":[24,65],"product_tag":[],"aioseo_notices":[],"jetpack_sharing_enabled":true,"_links":{"self":[{"href":"https:\/\/casadolivreiro.pt\/index.php\/wp-json\/wp\/v2\/product\/6734"}],"collection":[{"href":"https:\/\/casadolivreiro.pt\/index.php\/wp-json\/wp\/v2\/product"}],"about":[{"href":"https:\/\/casadolivreiro.pt\/index.php\/wp-json\/wp\/v2\/types\/product"}],"replies":[{"embeddable":true,"href":"https:\/\/casadolivreiro.pt\/index.php\/wp-json\/wp\/v2\/comments?post=6734"}],"wp:featuredmedia":[{"embeddable":true,"href":"https:\/\/casadolivreiro.pt\/index.php\/wp-json\/wp\/v2\/media\/6735"}],"wp:attachment":[{"href":"https:\/\/casadolivreiro.pt\/index.php\/wp-json\/wp\/v2\/media?parent=6734"}],"wp:term":[{"taxonomy":"product_cat","embeddable":true,"href":"https:\/\/casadolivreiro.pt\/index.php\/wp-json\/wp\/v2\/product_cat?post=6734"},{"taxonomy":"product_tag","embeddable":true,"href":"https:\/\/casadolivreiro.pt\/index.php\/wp-json\/wp\/v2\/product_tag?post=6734"}],"curies":[{"name":"wp","href":"https:\/\/api.w.org\/{rel}","templated":true}]}}