{"id":6730,"date":"2026-03-23T19:42:25","date_gmt":"2026-03-23T19:42:25","guid":{"rendered":"https:\/\/casadolivreiro.pt\/?post_type=product&#038;p=6730"},"modified":"2026-03-23T19:42:25","modified_gmt":"2026-03-23T19:42:25","slug":"memorial-de-maria-moura-rachel-de-queiroz","status":"publish","type":"product","link":"https:\/\/casadolivreiro.pt\/index.php\/product\/memorial-de-maria-moura-rachel-de-queiroz\/","title":{"rendered":"MEMORIAL DE MARIA MOURA &#8211; Rachel de Queiroz"},"content":{"rendered":"<p>MEMORIAL DE MARIA MOURA<\/p>\n<p>Rachel de Queiroz<\/p>\n<p>Colec\u00e7\u00e3o Livros do Brasil\u00a0 #106<\/p>\n<p>Ano de edi\u00e7\u00e3o:\u00a0 1994<\/p>\n<p>Editor: Edi\u00e7\u00e3o Livros do Brasil, Lisboa<\/p>\n<p>Idioma: Portugu\u00eas<\/p>\n<p>Dimens\u00f5es: 15 x 2.3 x 21.8cm<\/p>\n<p>Encaderna\u00e7\u00e3o: Capa mole<\/p>\n<p>P\u00e1ginas: 284<\/p>\n","protected":false},"excerpt":{"rendered":"<p>MEMORIAL DE MARIA MOURA Rachel de Queiroz Colec\u00e7\u00e3o Livros do Brasil\u00a0 #106 Ano de edi\u00e7\u00e3o:\u00a0 1994 Editor: Edi\u00e7\u00e3o Livros do Brasil, Lisboa Idioma: Portugu\u00eas Dimens\u00f5es: 15 x 2.3 x 21.8cm Encaderna\u00e7\u00e3o: Capa mole P\u00e1ginas: 284<\/p>\n","protected":false},"featured_media":6731,"comment_status":"open","ping_status":"closed","template":"","meta":{"om_disable_all_campaigns":false,"_monsterinsights_skip_tracking":false,"_monsterinsights_sitenote_active":false,"_monsterinsights_sitenote_note":"","_monsterinsights_sitenote_category":0,"_uf_show_specific_survey":0,"_uf_disable_surveys":false},"product_cat":[25],"product_tag":[],"aioseo_notices":[],"jetpack_sharing_enabled":true,"_links":{"self":[{"href":"https:\/\/casadolivreiro.pt\/index.php\/wp-json\/wp\/v2\/product\/6730"}],"collection":[{"href":"https:\/\/casadolivreiro.pt\/index.php\/wp-json\/wp\/v2\/product"}],"about":[{"href":"https:\/\/casadolivreiro.pt\/index.php\/wp-json\/wp\/v2\/types\/product"}],"replies":[{"embeddable":true,"href":"https:\/\/casadolivreiro.pt\/index.php\/wp-json\/wp\/v2\/comments?post=6730"}],"wp:featuredmedia":[{"embeddable":true,"href":"https:\/\/casadolivreiro.pt\/index.php\/wp-json\/wp\/v2\/media\/6731"}],"wp:attachment":[{"href":"https:\/\/casadolivreiro.pt\/index.php\/wp-json\/wp\/v2\/media?parent=6730"}],"wp:term":[{"taxonomy":"product_cat","embeddable":true,"href":"https:\/\/casadolivreiro.pt\/index.php\/wp-json\/wp\/v2\/product_cat?post=6730"},{"taxonomy":"product_tag","embeddable":true,"href":"https:\/\/casadolivreiro.pt\/index.php\/wp-json\/wp\/v2\/product_tag?post=6730"}],"curies":[{"name":"wp","href":"https:\/\/api.w.org\/{rel}","templated":true}]}}