{"id":6722,"date":"2026-03-23T19:32:58","date_gmt":"2026-03-23T19:32:58","guid":{"rendered":"https:\/\/casadolivreiro.pt\/?post_type=product&#038;p=6722"},"modified":"2026-03-23T19:32:59","modified_gmt":"2026-03-23T19:32:59","slug":"o-pais-do-carnaval-cacau-suor-jorge-amado","status":"publish","type":"product","link":"https:\/\/casadolivreiro.pt\/index.php\/product\/o-pais-do-carnaval-cacau-suor-jorge-amado\/","title":{"rendered":"O PA\u00cdS DO CARNAVAL \/ CACAU \/ SUOR &#8211; Jorge Amado"},"content":{"rendered":"<p>O PA\u00cdS DO CARNAVAL \/ CACAU \/ SUOR<\/p>\n<p>Jorge Amado<\/p>\n<p>Colec\u00e7\u00e3o Livros do Brasil\u00a0 #77<\/p>\n<p>Ano de edi\u00e7\u00e3o:\u00a0 196?<\/p>\n<p>Editor: Edi\u00e7\u00e3o Livros do Brasil, Lisboa<\/p>\n<p>Idioma: Portugu\u00eas<\/p>\n<p>Dimens\u00f5es: 15 x 2.5 x 21.8cm<\/p>\n<p>Encaderna\u00e7\u00e3o: Capa mole<\/p>\n<p>P\u00e1ginas: 388<\/p>\n","protected":false},"excerpt":{"rendered":"<p>O PA\u00cdS DO CARNAVAL \/ CACAU \/ SUOR Jorge Amado Colec\u00e7\u00e3o Livros do Brasil\u00a0 #77 Ano de edi\u00e7\u00e3o:\u00a0 196? Editor: Edi\u00e7\u00e3o Livros do Brasil, Lisboa Idioma: Portugu\u00eas Dimens\u00f5es: 15 x 2.5 x 21.8cm Encaderna\u00e7\u00e3o: Capa mole P\u00e1ginas: 388<\/p>\n","protected":false},"featured_media":6723,"comment_status":"open","ping_status":"closed","template":"","meta":{"om_disable_all_campaigns":false,"_monsterinsights_skip_tracking":false,"_monsterinsights_sitenote_active":false,"_monsterinsights_sitenote_note":"","_monsterinsights_sitenote_category":0,"_uf_show_specific_survey":0,"_uf_disable_surveys":false},"product_cat":[25],"product_tag":[],"aioseo_notices":[],"jetpack_sharing_enabled":true,"_links":{"self":[{"href":"https:\/\/casadolivreiro.pt\/index.php\/wp-json\/wp\/v2\/product\/6722"}],"collection":[{"href":"https:\/\/casadolivreiro.pt\/index.php\/wp-json\/wp\/v2\/product"}],"about":[{"href":"https:\/\/casadolivreiro.pt\/index.php\/wp-json\/wp\/v2\/types\/product"}],"replies":[{"embeddable":true,"href":"https:\/\/casadolivreiro.pt\/index.php\/wp-json\/wp\/v2\/comments?post=6722"}],"wp:featuredmedia":[{"embeddable":true,"href":"https:\/\/casadolivreiro.pt\/index.php\/wp-json\/wp\/v2\/media\/6723"}],"wp:attachment":[{"href":"https:\/\/casadolivreiro.pt\/index.php\/wp-json\/wp\/v2\/media?parent=6722"}],"wp:term":[{"taxonomy":"product_cat","embeddable":true,"href":"https:\/\/casadolivreiro.pt\/index.php\/wp-json\/wp\/v2\/product_cat?post=6722"},{"taxonomy":"product_tag","embeddable":true,"href":"https:\/\/casadolivreiro.pt\/index.php\/wp-json\/wp\/v2\/product_tag?post=6722"}],"curies":[{"name":"wp","href":"https:\/\/api.w.org\/{rel}","templated":true}]}}