{"id":672,"date":"2024-03-16T21:06:23","date_gmt":"2024-03-16T21:06:23","guid":{"rendered":"https:\/\/casadolivreiro.pt\/?post_type=product&#038;p=672"},"modified":"2024-03-16T21:06:23","modified_gmt":"2024-03-16T21:06:23","slug":"a-contracepcao-dr-david-elia","status":"publish","type":"product","link":"https:\/\/casadolivreiro.pt\/index.php\/product\/a-contracepcao-dr-david-elia\/","title":{"rendered":"A CONTRACEP\u00c7\u00c3O &#8211; Dr. David Elia"},"content":{"rendered":"<p>A CONTRACEP\u00c7\u00c3O<br \/>\nDr. David Elia<br \/>\nAno de edi\u00e7\u00e3o:<br \/>\nEditor: Porto Editora<br \/>\nIdioma: Portugu\u00eas<br \/>\nDimens\u00f5es: 19 x 1.5 x 26 cm<br \/>\nEncaderna\u00e7\u00e3o: Capa dura<br \/>\nP\u00e1ginas: 149<\/p>\n","protected":false},"excerpt":{"rendered":"<p>A CONTRACEP\u00c7\u00c3O Dr. David Elia Ano de edi\u00e7\u00e3o: Editor: Porto Editora Idioma: Portugu\u00eas Dimens\u00f5es: 19 x 1.5 x 26 cm Encaderna\u00e7\u00e3o: Capa dura P\u00e1ginas: 149<\/p>\n","protected":false},"featured_media":673,"comment_status":"open","ping_status":"closed","template":"","meta":{"om_disable_all_campaigns":false,"_monsterinsights_skip_tracking":false,"_monsterinsights_sitenote_active":false,"_monsterinsights_sitenote_note":"","_monsterinsights_sitenote_category":0,"_uf_show_specific_survey":0,"_uf_disable_surveys":false},"product_cat":[43,67],"product_tag":[],"aioseo_notices":[],"jetpack_sharing_enabled":true,"_links":{"self":[{"href":"https:\/\/casadolivreiro.pt\/index.php\/wp-json\/wp\/v2\/product\/672"}],"collection":[{"href":"https:\/\/casadolivreiro.pt\/index.php\/wp-json\/wp\/v2\/product"}],"about":[{"href":"https:\/\/casadolivreiro.pt\/index.php\/wp-json\/wp\/v2\/types\/product"}],"replies":[{"embeddable":true,"href":"https:\/\/casadolivreiro.pt\/index.php\/wp-json\/wp\/v2\/comments?post=672"}],"wp:featuredmedia":[{"embeddable":true,"href":"https:\/\/casadolivreiro.pt\/index.php\/wp-json\/wp\/v2\/media\/673"}],"wp:attachment":[{"href":"https:\/\/casadolivreiro.pt\/index.php\/wp-json\/wp\/v2\/media?parent=672"}],"wp:term":[{"taxonomy":"product_cat","embeddable":true,"href":"https:\/\/casadolivreiro.pt\/index.php\/wp-json\/wp\/v2\/product_cat?post=672"},{"taxonomy":"product_tag","embeddable":true,"href":"https:\/\/casadolivreiro.pt\/index.php\/wp-json\/wp\/v2\/product_tag?post=672"}],"curies":[{"name":"wp","href":"https:\/\/api.w.org\/{rel}","templated":true}]}}