{"id":6694,"date":"2026-03-23T19:02:22","date_gmt":"2026-03-23T19:02:22","guid":{"rendered":"https:\/\/casadolivreiro.pt\/?post_type=product&#038;p=6694"},"modified":"2026-03-23T19:02:22","modified_gmt":"2026-03-23T19:02:22","slug":"mar-morto-jorge-amado","status":"publish","type":"product","link":"https:\/\/casadolivreiro.pt\/index.php\/product\/mar-morto-jorge-amado\/","title":{"rendered":"MAR MORTO &#8211; Jorge Amado"},"content":{"rendered":"<p>MAR MORTO<\/p>\n<p>Jorge Amado<\/p>\n<p>Colec\u00e7\u00e3o S\u00e9culo XX<\/p>\n<p>Ano de edi\u00e7\u00e3o: 1965<\/p>\n<p>Editor: Publica\u00e7\u00f5es Europa-Am\u00e9rica<\/p>\n<p>Idioma: Portugu\u00eas<\/p>\n<p>Dimens\u00f5es: 13.5 x 2.2 x 19cm<\/p>\n<p>Encaderna\u00e7\u00e3o: Capa mole<\/p>\n<p>P\u00e1ginas: 283<\/p>\n","protected":false},"excerpt":{"rendered":"<p>MAR MORTO Jorge Amado Colec\u00e7\u00e3o S\u00e9culo XX Ano de edi\u00e7\u00e3o: 1965 Editor: Publica\u00e7\u00f5es Europa-Am\u00e9rica Idioma: Portugu\u00eas Dimens\u00f5es: 13.5 x 2.2 x 19cm Encaderna\u00e7\u00e3o: Capa mole P\u00e1ginas: 283<\/p>\n","protected":false},"featured_media":6695,"comment_status":"open","ping_status":"closed","template":"","meta":{"om_disable_all_campaigns":false,"_monsterinsights_skip_tracking":false,"_monsterinsights_sitenote_active":false,"_monsterinsights_sitenote_note":"","_monsterinsights_sitenote_category":0,"_uf_show_specific_survey":0,"_uf_disable_surveys":false},"product_cat":[25],"product_tag":[],"aioseo_notices":[],"jetpack_sharing_enabled":true,"_links":{"self":[{"href":"https:\/\/casadolivreiro.pt\/index.php\/wp-json\/wp\/v2\/product\/6694"}],"collection":[{"href":"https:\/\/casadolivreiro.pt\/index.php\/wp-json\/wp\/v2\/product"}],"about":[{"href":"https:\/\/casadolivreiro.pt\/index.php\/wp-json\/wp\/v2\/types\/product"}],"replies":[{"embeddable":true,"href":"https:\/\/casadolivreiro.pt\/index.php\/wp-json\/wp\/v2\/comments?post=6694"}],"wp:featuredmedia":[{"embeddable":true,"href":"https:\/\/casadolivreiro.pt\/index.php\/wp-json\/wp\/v2\/media\/6695"}],"wp:attachment":[{"href":"https:\/\/casadolivreiro.pt\/index.php\/wp-json\/wp\/v2\/media?parent=6694"}],"wp:term":[{"taxonomy":"product_cat","embeddable":true,"href":"https:\/\/casadolivreiro.pt\/index.php\/wp-json\/wp\/v2\/product_cat?post=6694"},{"taxonomy":"product_tag","embeddable":true,"href":"https:\/\/casadolivreiro.pt\/index.php\/wp-json\/wp\/v2\/product_tag?post=6694"}],"curies":[{"name":"wp","href":"https:\/\/api.w.org\/{rel}","templated":true}]}}