{"id":6676,"date":"2026-03-15T17:04:05","date_gmt":"2026-03-15T17:04:05","guid":{"rendered":"https:\/\/casadolivreiro.pt\/?post_type=product&#038;p=6676"},"modified":"2026-03-15T17:04:05","modified_gmt":"2026-03-15T17:04:05","slug":"trovas-macaenses-joao-c-reis","status":"publish","type":"product","link":"https:\/\/casadolivreiro.pt\/index.php\/product\/trovas-macaenses-joao-c-reis\/","title":{"rendered":"TROVAS MACAENSES &#8211; Jo\u00e3o C. Reis"},"content":{"rendered":"<p>TROVAS MACAENSES<\/p>\n<p>Jo\u00e3o C. Reis<\/p>\n<p>Ano de edi\u00e7\u00e3o: 1992<\/p>\n<p>Editor: Mar-Oceano-Editora, Macau<\/p>\n<p>Idioma: Portugu\u00eas<\/p>\n<p>Dimens\u00f5es: 17.5 x 3.2 x 24cm<\/p>\n<p>Encaderna\u00e7\u00e3o: Capa mole<\/p>\n<p>P\u00e1ginas: 485<\/p>\n","protected":false},"excerpt":{"rendered":"<p>TROVAS MACAENSES Jo\u00e3o C. Reis Ano de edi\u00e7\u00e3o: 1992 Editor: Mar-Oceano-Editora, Macau Idioma: Portugu\u00eas Dimens\u00f5es: 17.5 x 3.2 x 24cm Encaderna\u00e7\u00e3o: Capa mole P\u00e1ginas: 485<\/p>\n","protected":false},"featured_media":6677,"comment_status":"open","ping_status":"closed","template":"","meta":{"om_disable_all_campaigns":false,"_monsterinsights_skip_tracking":false,"_monsterinsights_sitenote_active":false,"_monsterinsights_sitenote_note":"","_monsterinsights_sitenote_category":0,"_uf_show_specific_survey":0,"_uf_disable_surveys":false},"product_cat":[25,27],"product_tag":[],"aioseo_notices":[],"jetpack_sharing_enabled":true,"_links":{"self":[{"href":"https:\/\/casadolivreiro.pt\/index.php\/wp-json\/wp\/v2\/product\/6676"}],"collection":[{"href":"https:\/\/casadolivreiro.pt\/index.php\/wp-json\/wp\/v2\/product"}],"about":[{"href":"https:\/\/casadolivreiro.pt\/index.php\/wp-json\/wp\/v2\/types\/product"}],"replies":[{"embeddable":true,"href":"https:\/\/casadolivreiro.pt\/index.php\/wp-json\/wp\/v2\/comments?post=6676"}],"wp:featuredmedia":[{"embeddable":true,"href":"https:\/\/casadolivreiro.pt\/index.php\/wp-json\/wp\/v2\/media\/6677"}],"wp:attachment":[{"href":"https:\/\/casadolivreiro.pt\/index.php\/wp-json\/wp\/v2\/media?parent=6676"}],"wp:term":[{"taxonomy":"product_cat","embeddable":true,"href":"https:\/\/casadolivreiro.pt\/index.php\/wp-json\/wp\/v2\/product_cat?post=6676"},{"taxonomy":"product_tag","embeddable":true,"href":"https:\/\/casadolivreiro.pt\/index.php\/wp-json\/wp\/v2\/product_tag?post=6676"}],"curies":[{"name":"wp","href":"https:\/\/api.w.org\/{rel}","templated":true}]}}