{"id":6674,"date":"2026-03-15T16:54:54","date_gmt":"2026-03-15T16:54:54","guid":{"rendered":"https:\/\/casadolivreiro.pt\/?post_type=product&#038;p=6674"},"modified":"2026-03-15T16:54:54","modified_gmt":"2026-03-15T16:54:54","slug":"a-filosofia-da-medicina-oriental-macrobiotica-zen-georges-ohsawa","status":"publish","type":"product","link":"https:\/\/casadolivreiro.pt\/index.php\/product\/a-filosofia-da-medicina-oriental-macrobiotica-zen-georges-ohsawa\/","title":{"rendered":"A FILOSOFIA DA MEDICINA ORIENTAL (MACROBI\u00d3TICA ZEN) &#8211; Georges Ohsawa"},"content":{"rendered":"<p>A FILOSOFIA DA MEDICINA ORIENTAL (MACROBI\u00d3TICA ZEN)<\/p>\n<p>Georges Ohsawa<\/p>\n<p>Ano de edi\u00e7\u00e3o: 1967<\/p>\n<p>Editor: Associa\u00e7\u00e3o Macrobi\u00f3tica, Porto Alegre<\/p>\n<p>Idioma: Portugu\u00eas<\/p>\n<p>Dimens\u00f5es: 16.3 x 0.9 x 23cm<\/p>\n<p>Encaderna\u00e7\u00e3o: Capa mole<\/p>\n<p>P\u00e1ginas: 123<\/p>\n","protected":false},"excerpt":{"rendered":"<p>A FILOSOFIA DA MEDICINA ORIENTAL (MACROBI\u00d3TICA ZEN) Georges Ohsawa Ano de edi\u00e7\u00e3o: 1967 Editor: Associa\u00e7\u00e3o Macrobi\u00f3tica, Porto Alegre Idioma: Portugu\u00eas Dimens\u00f5es: 16.3 x 0.9 x 23cm Encaderna\u00e7\u00e3o: Capa mole P\u00e1ginas: 123<\/p>\n","protected":false},"featured_media":6675,"comment_status":"open","ping_status":"closed","template":"","meta":{"om_disable_all_campaigns":false,"_monsterinsights_skip_tracking":false,"_monsterinsights_sitenote_active":false,"_monsterinsights_sitenote_note":"","_monsterinsights_sitenote_category":0,"_uf_show_specific_survey":0,"_uf_disable_surveys":false},"product_cat":[32,43],"product_tag":[],"aioseo_notices":[],"jetpack_sharing_enabled":true,"_links":{"self":[{"href":"https:\/\/casadolivreiro.pt\/index.php\/wp-json\/wp\/v2\/product\/6674"}],"collection":[{"href":"https:\/\/casadolivreiro.pt\/index.php\/wp-json\/wp\/v2\/product"}],"about":[{"href":"https:\/\/casadolivreiro.pt\/index.php\/wp-json\/wp\/v2\/types\/product"}],"replies":[{"embeddable":true,"href":"https:\/\/casadolivreiro.pt\/index.php\/wp-json\/wp\/v2\/comments?post=6674"}],"wp:featuredmedia":[{"embeddable":true,"href":"https:\/\/casadolivreiro.pt\/index.php\/wp-json\/wp\/v2\/media\/6675"}],"wp:attachment":[{"href":"https:\/\/casadolivreiro.pt\/index.php\/wp-json\/wp\/v2\/media?parent=6674"}],"wp:term":[{"taxonomy":"product_cat","embeddable":true,"href":"https:\/\/casadolivreiro.pt\/index.php\/wp-json\/wp\/v2\/product_cat?post=6674"},{"taxonomy":"product_tag","embeddable":true,"href":"https:\/\/casadolivreiro.pt\/index.php\/wp-json\/wp\/v2\/product_tag?post=6674"}],"curies":[{"name":"wp","href":"https:\/\/api.w.org\/{rel}","templated":true}]}}