{"id":6670,"date":"2026-03-15T16:34:25","date_gmt":"2026-03-15T16:34:25","guid":{"rendered":"https:\/\/casadolivreiro.pt\/?post_type=product&#038;p=6670"},"modified":"2026-03-15T16:34:25","modified_gmt":"2026-03-15T16:34:25","slug":"le-trop-grand-vide-dalphonse-tabouret-sibylline-capucine-et-jerome-daviau","status":"publish","type":"product","link":"https:\/\/casadolivreiro.pt\/index.php\/product\/le-trop-grand-vide-dalphonse-tabouret-sibylline-capucine-et-jerome-daviau\/","title":{"rendered":"LE TROP GRAND VIDE D&#8217;ALPHONSE TABOURET &#8211; Sibylline, Capucine et Jerome d&#8217;Aviau"},"content":{"rendered":"<p>LE TROP GRAND VIDE D&#8217;ALPHONSE TABOURET<\/p>\n<p>Sibylline, Capucine et Jerome d&#8217;Aviau<\/p>\n<p>Published in 2010<\/p>\n<p>By\u00a0PROOST-TURNHOUT, Belgique<\/p>\n<p>Hardcover: 192 pages<\/p>\n<p>ISBN-10: \u200e2359100890<\/p>\n<p>ISBN-13: \u200e978-2359100891<\/p>\n<p>Dimensions: 17cm x 2.2cm x 25cm<\/p>\n<p>Autographed copy with handmade original drawing<\/p>\n<p>In excellent condition.<\/p>\n<p>Alphonse Tabouret est un petit bonhomme n\u00e9 de la derni\u00e8re pluie au milieu de la for\u00eat. Il a tout \u00e0 apprendre et c&#8217;est le Monsieur qui lui montre les premiers trucs amusants \u00e0 faire. Mais apr\u00e8s une discussion un peu s\u00e8che, le Monsieur d\u00e9cide d&#8217;aller voir ailleurs s&#8217;il y est, laissant seul notre petit bonhomme. Il n a plus le choix, c&#8217;est le monde qu&#8217;il doit aller explorer. Au fil des rencontres, au d\u00e9tour d&#8217;un chemin, il d\u00e9couvre des gens, des bestioles, des trucs et des machins qui lui feront vivre des aventures chouettes, et lui apprendront plein de choses importantes sur la vie.<\/p>\n<p>Meilleur album jeunesse aux [dBD] Awards 2011<\/p>\n","protected":false},"excerpt":{"rendered":"<p>LE TROP GRAND VIDE D&#8217;ALPHONSE TABOURET Sibylline, Capucine et Jerome d&#8217;Aviau Published in 2010 By\u00a0PROOST-TURNHOUT, Belgique Hardcover: 192 pages ISBN-10: \u200e2359100890 ISBN-13: \u200e978-2359100891 Dimensions: 17cm x 2.2cm x 25cm Autographed copy with handmade original drawing In excellent condition. Alphonse Tabouret est un petit bonhomme n\u00e9 de la derni\u00e8re pluie au milieu de la for\u00eat. Il [&hellip;]<\/p>\n","protected":false},"featured_media":6671,"comment_status":"open","ping_status":"closed","template":"","meta":{"om_disable_all_campaigns":false,"_monsterinsights_skip_tracking":false,"_monsterinsights_sitenote_active":false,"_monsterinsights_sitenote_note":"","_monsterinsights_sitenote_category":0,"_uf_show_specific_survey":0,"_uf_disable_surveys":false},"product_cat":[24,35,56],"product_tag":[],"aioseo_notices":[],"jetpack_sharing_enabled":true,"_links":{"self":[{"href":"https:\/\/casadolivreiro.pt\/index.php\/wp-json\/wp\/v2\/product\/6670"}],"collection":[{"href":"https:\/\/casadolivreiro.pt\/index.php\/wp-json\/wp\/v2\/product"}],"about":[{"href":"https:\/\/casadolivreiro.pt\/index.php\/wp-json\/wp\/v2\/types\/product"}],"replies":[{"embeddable":true,"href":"https:\/\/casadolivreiro.pt\/index.php\/wp-json\/wp\/v2\/comments?post=6670"}],"wp:featuredmedia":[{"embeddable":true,"href":"https:\/\/casadolivreiro.pt\/index.php\/wp-json\/wp\/v2\/media\/6671"}],"wp:attachment":[{"href":"https:\/\/casadolivreiro.pt\/index.php\/wp-json\/wp\/v2\/media?parent=6670"}],"wp:term":[{"taxonomy":"product_cat","embeddable":true,"href":"https:\/\/casadolivreiro.pt\/index.php\/wp-json\/wp\/v2\/product_cat?post=6670"},{"taxonomy":"product_tag","embeddable":true,"href":"https:\/\/casadolivreiro.pt\/index.php\/wp-json\/wp\/v2\/product_tag?post=6670"}],"curies":[{"name":"wp","href":"https:\/\/api.w.org\/{rel}","templated":true}]}}