{"id":6665,"date":"2026-03-15T16:26:03","date_gmt":"2026-03-15T16:26:03","guid":{"rendered":"https:\/\/casadolivreiro.pt\/?post_type=product&#038;p=6665"},"modified":"2026-03-15T16:26:03","modified_gmt":"2026-03-15T16:26:03","slug":"medronho-teatro-no-alto-da-serra-de-monchique-e-nas-destilarias-giacomo-scalisi","status":"publish","type":"product","link":"https:\/\/casadolivreiro.pt\/index.php\/product\/medronho-teatro-no-alto-da-serra-de-monchique-e-nas-destilarias-giacomo-scalisi\/","title":{"rendered":"MEDRONHO: TEATRO NO ALTO DA SERRA DE MONCHIQUE E NAS DESTILARIAS &#8211; Giacomo Scalisi"},"content":{"rendered":"<p>MEDRONHO: TEATRO NO ALTO DA SERRA DE MONCHIQUE E NAS DESTILARIAS<\/p>\n<p>Giacomo Scalisi<\/p>\n<p>Ano de edi\u00e7\u00e3o: 2019<\/p>\n<p>Editor: Municipio de Monchique<\/p>\n<p>Idioma: Portugu\u00eas<\/p>\n<p>Dimens\u00f5es: 16.2 x 2.2 x 24cm<\/p>\n<p>Encaderna\u00e7\u00e3o: Capa mole<\/p>\n<p>P\u00e1ginas: 318<\/p>\n","protected":false},"excerpt":{"rendered":"<p>MEDRONHO: TEATRO NO ALTO DA SERRA DE MONCHIQUE E NAS DESTILARIAS Giacomo Scalisi Ano de edi\u00e7\u00e3o: 2019 Editor: Municipio de Monchique Idioma: Portugu\u00eas Dimens\u00f5es: 16.2 x 2.2 x 24cm Encaderna\u00e7\u00e3o: Capa mole P\u00e1ginas: 318<\/p>\n","protected":false},"featured_media":6666,"comment_status":"open","ping_status":"closed","template":"","meta":{"om_disable_all_campaigns":false,"_monsterinsights_skip_tracking":false,"_monsterinsights_sitenote_active":false,"_monsterinsights_sitenote_note":"","_monsterinsights_sitenote_category":0,"_uf_show_specific_survey":0,"_uf_disable_surveys":false},"product_cat":[24,47,49],"product_tag":[],"aioseo_notices":[],"jetpack_sharing_enabled":true,"_links":{"self":[{"href":"https:\/\/casadolivreiro.pt\/index.php\/wp-json\/wp\/v2\/product\/6665"}],"collection":[{"href":"https:\/\/casadolivreiro.pt\/index.php\/wp-json\/wp\/v2\/product"}],"about":[{"href":"https:\/\/casadolivreiro.pt\/index.php\/wp-json\/wp\/v2\/types\/product"}],"replies":[{"embeddable":true,"href":"https:\/\/casadolivreiro.pt\/index.php\/wp-json\/wp\/v2\/comments?post=6665"}],"wp:featuredmedia":[{"embeddable":true,"href":"https:\/\/casadolivreiro.pt\/index.php\/wp-json\/wp\/v2\/media\/6666"}],"wp:attachment":[{"href":"https:\/\/casadolivreiro.pt\/index.php\/wp-json\/wp\/v2\/media?parent=6665"}],"wp:term":[{"taxonomy":"product_cat","embeddable":true,"href":"https:\/\/casadolivreiro.pt\/index.php\/wp-json\/wp\/v2\/product_cat?post=6665"},{"taxonomy":"product_tag","embeddable":true,"href":"https:\/\/casadolivreiro.pt\/index.php\/wp-json\/wp\/v2\/product_tag?post=6665"}],"curies":[{"name":"wp","href":"https:\/\/api.w.org\/{rel}","templated":true}]}}