{"id":666,"date":"2024-03-16T20:54:27","date_gmt":"2024-03-16T20:54:27","guid":{"rendered":"https:\/\/casadolivreiro.pt\/?post_type=product&#038;p=666"},"modified":"2024-03-16T20:54:27","modified_gmt":"2024-03-16T20:54:27","slug":"enciclopedia-da-vida-sexual-7-9-anos-da-fisiologia-a-psicologia-doutor-jean-cohen-doutora-jacqueline-kahn-nathan-doutor-gilbert-tordjman-doutora-christiane-verdoux","status":"publish","type":"product","link":"https:\/\/casadolivreiro.pt\/index.php\/product\/enciclopedia-da-vida-sexual-7-9-anos-da-fisiologia-a-psicologia-doutor-jean-cohen-doutora-jacqueline-kahn-nathan-doutor-gilbert-tordjman-doutora-christiane-verdoux\/","title":{"rendered":"ENCICLOP\u00c9DIA DA VIDA SEXUAL : 7-9 anos Da fisiologia \u00e0 psicologia Doutor Jean Cohen, Doutora Jacqueline Kahn-Nathan, Doutor Gilbert Tordjman, Doutora Christiane Verdoux"},"content":{"rendered":"<p>ENCICLOP\u00c9DIA DA VIDA SEXUAL : 7-9 anos<br \/>\nDa fisiologia \u00e0 psicologia<br \/>\nDoutor Jean Cohen, Doutora Jacqueline Kahn-Nathan, Doutor Gilbert Tordjman, Doutora Christiane Verdoux<br \/>\nTradu\u00e7\u00e3o de Vera Cecilia Viotti de Campos Toledo<br \/>\nAno de edi\u00e7\u00e3o: 1975<br \/>\nEditor: Livraria Bertrand, Amadora<br \/>\nIdioma: Portugu\u00eas<br \/>\nDimens\u00f5es: 19 x 1 x 24.5 cm<br \/>\nEncaderna\u00e7\u00e3o: Capa dura<br \/>\nP\u00e1ginas: 44<\/p>\n","protected":false},"excerpt":{"rendered":"<p>ENCICLOP\u00c9DIA DA VIDA SEXUAL : 7-9 anos Da fisiologia \u00e0 psicologia Doutor Jean Cohen, Doutora Jacqueline Kahn-Nathan, Doutor Gilbert Tordjman, Doutora Christiane Verdoux Tradu\u00e7\u00e3o de Vera Cecilia Viotti de Campos Toledo Ano de edi\u00e7\u00e3o: 1975 Editor: Livraria Bertrand, Amadora Idioma: Portugu\u00eas Dimens\u00f5es: 19 x 1 x 24.5 cm Encaderna\u00e7\u00e3o: Capa dura P\u00e1ginas: 44<\/p>\n","protected":false},"featured_media":667,"comment_status":"open","ping_status":"closed","template":"","meta":{"om_disable_all_campaigns":false,"_monsterinsights_skip_tracking":false,"_monsterinsights_sitenote_active":false,"_monsterinsights_sitenote_note":"","_monsterinsights_sitenote_category":0,"_uf_show_specific_survey":0,"_uf_disable_surveys":false},"product_cat":[31,67],"product_tag":[],"aioseo_notices":[],"jetpack_sharing_enabled":true,"_links":{"self":[{"href":"https:\/\/casadolivreiro.pt\/index.php\/wp-json\/wp\/v2\/product\/666"}],"collection":[{"href":"https:\/\/casadolivreiro.pt\/index.php\/wp-json\/wp\/v2\/product"}],"about":[{"href":"https:\/\/casadolivreiro.pt\/index.php\/wp-json\/wp\/v2\/types\/product"}],"replies":[{"embeddable":true,"href":"https:\/\/casadolivreiro.pt\/index.php\/wp-json\/wp\/v2\/comments?post=666"}],"wp:featuredmedia":[{"embeddable":true,"href":"https:\/\/casadolivreiro.pt\/index.php\/wp-json\/wp\/v2\/media\/667"}],"wp:attachment":[{"href":"https:\/\/casadolivreiro.pt\/index.php\/wp-json\/wp\/v2\/media?parent=666"}],"wp:term":[{"taxonomy":"product_cat","embeddable":true,"href":"https:\/\/casadolivreiro.pt\/index.php\/wp-json\/wp\/v2\/product_cat?post=666"},{"taxonomy":"product_tag","embeddable":true,"href":"https:\/\/casadolivreiro.pt\/index.php\/wp-json\/wp\/v2\/product_tag?post=666"}],"curies":[{"name":"wp","href":"https:\/\/api.w.org\/{rel}","templated":true}]}}