{"id":6656,"date":"2026-03-15T16:02:51","date_gmt":"2026-03-15T16:02:51","guid":{"rendered":"https:\/\/casadolivreiro.pt\/?post_type=product&#038;p=6656"},"modified":"2026-03-15T16:02:51","modified_gmt":"2026-03-15T16:02:51","slug":"jan-toorop-door-miek-janssen","status":"publish","type":"product","link":"https:\/\/casadolivreiro.pt\/index.php\/product\/jan-toorop-door-miek-janssen\/","title":{"rendered":"JAN TOOROP &#8211; Door Miek Janssen"},"content":{"rendered":"<p>JAN TOOROP<\/p>\n<p>Door Miek Janssen<\/p>\n<p>Ano de edi\u00e7\u00e3o:<\/p>\n<p>Editor: L.J. Veen, Amsterdam<\/p>\n<p>Idioma: Holand\u00eas<\/p>\n<p>Dimens\u00f5es: 19.5 x 1.2 x 24cm<\/p>\n<p>Encaderna\u00e7\u00e3o: Capa mole<\/p>\n<p>P\u00e1ginas: 39<\/p>\n","protected":false},"excerpt":{"rendered":"<p>JAN TOOROP Door Miek Janssen Ano de edi\u00e7\u00e3o: Editor: L.J. Veen, Amsterdam Idioma: Holand\u00eas Dimens\u00f5es: 19.5 x 1.2 x 24cm Encaderna\u00e7\u00e3o: Capa mole P\u00e1ginas: 39<\/p>\n","protected":false},"featured_media":6657,"comment_status":"open","ping_status":"closed","template":"","meta":{"om_disable_all_campaigns":false,"_monsterinsights_skip_tracking":false,"_monsterinsights_sitenote_active":false,"_monsterinsights_sitenote_note":"","_monsterinsights_sitenote_category":0,"_uf_show_specific_survey":0,"_uf_disable_surveys":false},"product_cat":[24,59],"product_tag":[],"aioseo_notices":[],"jetpack_sharing_enabled":true,"_links":{"self":[{"href":"https:\/\/casadolivreiro.pt\/index.php\/wp-json\/wp\/v2\/product\/6656"}],"collection":[{"href":"https:\/\/casadolivreiro.pt\/index.php\/wp-json\/wp\/v2\/product"}],"about":[{"href":"https:\/\/casadolivreiro.pt\/index.php\/wp-json\/wp\/v2\/types\/product"}],"replies":[{"embeddable":true,"href":"https:\/\/casadolivreiro.pt\/index.php\/wp-json\/wp\/v2\/comments?post=6656"}],"wp:featuredmedia":[{"embeddable":true,"href":"https:\/\/casadolivreiro.pt\/index.php\/wp-json\/wp\/v2\/media\/6657"}],"wp:attachment":[{"href":"https:\/\/casadolivreiro.pt\/index.php\/wp-json\/wp\/v2\/media?parent=6656"}],"wp:term":[{"taxonomy":"product_cat","embeddable":true,"href":"https:\/\/casadolivreiro.pt\/index.php\/wp-json\/wp\/v2\/product_cat?post=6656"},{"taxonomy":"product_tag","embeddable":true,"href":"https:\/\/casadolivreiro.pt\/index.php\/wp-json\/wp\/v2\/product_tag?post=6656"}],"curies":[{"name":"wp","href":"https:\/\/api.w.org\/{rel}","templated":true}]}}