{"id":6654,"date":"2026-03-15T16:01:08","date_gmt":"2026-03-15T16:01:08","guid":{"rendered":"https:\/\/casadolivreiro.pt\/?post_type=product&#038;p=6654"},"modified":"2026-03-15T16:01:08","modified_gmt":"2026-03-15T16:01:08","slug":"le-transistor-mais-cest-tres-simple-e-aisberg","status":"publish","type":"product","link":"https:\/\/casadolivreiro.pt\/index.php\/product\/le-transistor-mais-cest-tres-simple-e-aisberg\/","title":{"rendered":"LE TRANSISTOR?.. MAIS C\u2019EST TRES SIMPLE &#8211; E. Aisberg"},"content":{"rendered":"<p>LE TRANSISTOR?.. MAIS C\u2019EST TRES SIMPLE<\/p>\n<p>E. Aisberg<\/p>\n<p>Ano de edi\u00e7\u00e3o: 1962<\/p>\n<p>Editor: Soci\u00e9t\u00e9 des \u00c9ditions Radio<\/p>\n<p>Idioma: Franc\u00eas<\/p>\n<p>Dimens\u00f5es: 18 x 1.1 x 22.5cm<\/p>\n<p>Encaderna\u00e7\u00e3o: Capa mole<\/p>\n<p>P\u00e1ginas: 148<\/p>\n","protected":false},"excerpt":{"rendered":"<p>LE TRANSISTOR?.. MAIS C\u2019EST TRES SIMPLE E. Aisberg Ano de edi\u00e7\u00e3o: 1962 Editor: Soci\u00e9t\u00e9 des \u00c9ditions Radio Idioma: Franc\u00eas Dimens\u00f5es: 18 x 1.1 x 22.5cm Encaderna\u00e7\u00e3o: Capa mole P\u00e1ginas: 148<\/p>\n","protected":false},"featured_media":6655,"comment_status":"open","ping_status":"closed","template":"","meta":{"om_disable_all_campaigns":false,"_monsterinsights_skip_tracking":false,"_monsterinsights_sitenote_active":false,"_monsterinsights_sitenote_note":"","_monsterinsights_sitenote_category":0,"_uf_show_specific_survey":0,"_uf_disable_surveys":false},"product_cat":[32,47,56,59],"product_tag":[],"aioseo_notices":[],"jetpack_sharing_enabled":true,"_links":{"self":[{"href":"https:\/\/casadolivreiro.pt\/index.php\/wp-json\/wp\/v2\/product\/6654"}],"collection":[{"href":"https:\/\/casadolivreiro.pt\/index.php\/wp-json\/wp\/v2\/product"}],"about":[{"href":"https:\/\/casadolivreiro.pt\/index.php\/wp-json\/wp\/v2\/types\/product"}],"replies":[{"embeddable":true,"href":"https:\/\/casadolivreiro.pt\/index.php\/wp-json\/wp\/v2\/comments?post=6654"}],"wp:featuredmedia":[{"embeddable":true,"href":"https:\/\/casadolivreiro.pt\/index.php\/wp-json\/wp\/v2\/media\/6655"}],"wp:attachment":[{"href":"https:\/\/casadolivreiro.pt\/index.php\/wp-json\/wp\/v2\/media?parent=6654"}],"wp:term":[{"taxonomy":"product_cat","embeddable":true,"href":"https:\/\/casadolivreiro.pt\/index.php\/wp-json\/wp\/v2\/product_cat?post=6654"},{"taxonomy":"product_tag","embeddable":true,"href":"https:\/\/casadolivreiro.pt\/index.php\/wp-json\/wp\/v2\/product_tag?post=6654"}],"curies":[{"name":"wp","href":"https:\/\/api.w.org\/{rel}","templated":true}]}}