{"id":6650,"date":"2026-03-15T15:56:54","date_gmt":"2026-03-15T15:56:54","guid":{"rendered":"https:\/\/casadolivreiro.pt\/?post_type=product&#038;p=6650"},"modified":"2026-03-15T15:56:55","modified_gmt":"2026-03-15T15:56:55","slug":"the-matarese-countdown-robert-ludlum","status":"publish","type":"product","link":"https:\/\/casadolivreiro.pt\/index.php\/product\/the-matarese-countdown-robert-ludlum\/","title":{"rendered":"THE MATARESE COUNTDOWN &#8211; Robert Ludlum"},"content":{"rendered":"<p>THE MATARESE COUNTDOWN<\/p>\n<p>Robert Ludlum<\/p>\n<p>Ano de edi\u00e7\u00e3o: 1997<\/p>\n<p>Editor: A Bantam Books, New York<\/p>\n<p>Idioma: Ingl\u00eas<\/p>\n<p>Dimens\u00f5es: 15 x 3 x 24cm<\/p>\n<p>Encaderna\u00e7\u00e3o: Capa dura<\/p>\n<p>P\u00e1ginas: 487<\/p>\n","protected":false},"excerpt":{"rendered":"<p>THE MATARESE COUNTDOWN Robert Ludlum Ano de edi\u00e7\u00e3o: 1997 Editor: A Bantam Books, New York Idioma: Ingl\u00eas Dimens\u00f5es: 15 x 3 x 24cm Encaderna\u00e7\u00e3o: Capa dura P\u00e1ginas: 487<\/p>\n","protected":false},"featured_media":6651,"comment_status":"open","ping_status":"closed","template":"","meta":{"om_disable_all_campaigns":false,"_monsterinsights_skip_tracking":false,"_monsterinsights_sitenote_active":false,"_monsterinsights_sitenote_note":"","_monsterinsights_sitenote_category":0,"_uf_show_specific_survey":0,"_uf_disable_surveys":false},"product_cat":[55,44],"product_tag":[],"aioseo_notices":[],"jetpack_sharing_enabled":true,"_links":{"self":[{"href":"https:\/\/casadolivreiro.pt\/index.php\/wp-json\/wp\/v2\/product\/6650"}],"collection":[{"href":"https:\/\/casadolivreiro.pt\/index.php\/wp-json\/wp\/v2\/product"}],"about":[{"href":"https:\/\/casadolivreiro.pt\/index.php\/wp-json\/wp\/v2\/types\/product"}],"replies":[{"embeddable":true,"href":"https:\/\/casadolivreiro.pt\/index.php\/wp-json\/wp\/v2\/comments?post=6650"}],"wp:featuredmedia":[{"embeddable":true,"href":"https:\/\/casadolivreiro.pt\/index.php\/wp-json\/wp\/v2\/media\/6651"}],"wp:attachment":[{"href":"https:\/\/casadolivreiro.pt\/index.php\/wp-json\/wp\/v2\/media?parent=6650"}],"wp:term":[{"taxonomy":"product_cat","embeddable":true,"href":"https:\/\/casadolivreiro.pt\/index.php\/wp-json\/wp\/v2\/product_cat?post=6650"},{"taxonomy":"product_tag","embeddable":true,"href":"https:\/\/casadolivreiro.pt\/index.php\/wp-json\/wp\/v2\/product_tag?post=6650"}],"curies":[{"name":"wp","href":"https:\/\/api.w.org\/{rel}","templated":true}]}}