{"id":6648,"date":"2026-03-15T15:54:56","date_gmt":"2026-03-15T15:54:56","guid":{"rendered":"https:\/\/casadolivreiro.pt\/?post_type=product&#038;p=6648"},"modified":"2026-03-15T15:54:56","modified_gmt":"2026-03-15T15:54:56","slug":"ivory-apes-peacocks-alan-root","status":"publish","type":"product","link":"https:\/\/casadolivreiro.pt\/index.php\/product\/ivory-apes-peacocks-alan-root\/","title":{"rendered":"IVORY, APES &#038; PEACOCKS &#8211; Alan Root"},"content":{"rendered":"<p>IVORY, APES &amp; PEACOCKS<\/p>\n<p>Alan Root<\/p>\n<p>Ano de edi\u00e7\u00e3o: 2012<\/p>\n<p>Editor: The Random House Group, London<\/p>\n<p>Idioma: Ingl\u00eas<\/p>\n<p>Dimens\u00f5es: 15 x 3 x 24cm<\/p>\n<p>Encaderna\u00e7\u00e3o: Capa dura<\/p>\n<p>P\u00e1ginas: 307<\/p>\n","protected":false},"excerpt":{"rendered":"<p>IVORY, APES &amp; PEACOCKS Alan Root Ano de edi\u00e7\u00e3o: 2012 Editor: The Random House Group, London Idioma: Ingl\u00eas Dimens\u00f5es: 15 x 3 x 24cm Encaderna\u00e7\u00e3o: Capa dura P\u00e1ginas: 307<\/p>\n","protected":false},"featured_media":6649,"comment_status":"open","ping_status":"closed","template":"","meta":{"om_disable_all_campaigns":false,"_monsterinsights_skip_tracking":false,"_monsterinsights_sitenote_active":false,"_monsterinsights_sitenote_note":"","_monsterinsights_sitenote_category":0,"_uf_show_specific_survey":0,"_uf_disable_surveys":false},"product_cat":[31,47,55,50],"product_tag":[],"aioseo_notices":[],"jetpack_sharing_enabled":true,"_links":{"self":[{"href":"https:\/\/casadolivreiro.pt\/index.php\/wp-json\/wp\/v2\/product\/6648"}],"collection":[{"href":"https:\/\/casadolivreiro.pt\/index.php\/wp-json\/wp\/v2\/product"}],"about":[{"href":"https:\/\/casadolivreiro.pt\/index.php\/wp-json\/wp\/v2\/types\/product"}],"replies":[{"embeddable":true,"href":"https:\/\/casadolivreiro.pt\/index.php\/wp-json\/wp\/v2\/comments?post=6648"}],"wp:featuredmedia":[{"embeddable":true,"href":"https:\/\/casadolivreiro.pt\/index.php\/wp-json\/wp\/v2\/media\/6649"}],"wp:attachment":[{"href":"https:\/\/casadolivreiro.pt\/index.php\/wp-json\/wp\/v2\/media?parent=6648"}],"wp:term":[{"taxonomy":"product_cat","embeddable":true,"href":"https:\/\/casadolivreiro.pt\/index.php\/wp-json\/wp\/v2\/product_cat?post=6648"},{"taxonomy":"product_tag","embeddable":true,"href":"https:\/\/casadolivreiro.pt\/index.php\/wp-json\/wp\/v2\/product_tag?post=6648"}],"curies":[{"name":"wp","href":"https:\/\/api.w.org\/{rel}","templated":true}]}}