{"id":6645,"date":"2026-03-15T15:52:27","date_gmt":"2026-03-15T15:52:27","guid":{"rendered":"https:\/\/casadolivreiro.pt\/?post_type=product&#038;p=6645"},"modified":"2026-03-15T15:52:27","modified_gmt":"2026-03-15T15:52:27","slug":"toi-qui-deviens-femme-deja-fabienne-van-roy","status":"publish","type":"product","link":"https:\/\/casadolivreiro.pt\/index.php\/product\/toi-qui-deviens-femme-deja-fabienne-van-roy\/","title":{"rendered":"TOI QUI DEVIENS FEMME, D\u00c9J\u00c0!&#8230; &#8211; Fabienne Van Roy"},"content":{"rendered":"<p>TOI QUI DEVIENS FEMME, D\u00c9J\u00c0!&#8230;<\/p>\n<p>Fabienne Van Roy<\/p>\n<p>Ano de edi\u00e7\u00e3o: 1952<\/p>\n<p>Editor: Casterman, Tournai, Paris<\/p>\n<p>Idioma: Franc\u00eas<\/p>\n<p>Dimens\u00f5es: 13.3 x 2.3 x 20cm<\/p>\n<p>Encaderna\u00e7\u00e3o: Capa mole<\/p>\n<p>P\u00e1ginas: 264<\/p>\n","protected":false},"excerpt":{"rendered":"<p>TOI QUI DEVIENS FEMME, D\u00c9J\u00c0!&#8230; Fabienne Van Roy Ano de edi\u00e7\u00e3o: 1952 Editor: Casterman, Tournai, Paris Idioma: Franc\u00eas Dimens\u00f5es: 13.3 x 2.3 x 20cm Encaderna\u00e7\u00e3o: Capa mole P\u00e1ginas: 264<\/p>\n","protected":false},"featured_media":6646,"comment_status":"open","ping_status":"closed","template":"","meta":{"om_disable_all_campaigns":false,"_monsterinsights_skip_tracking":false,"_monsterinsights_sitenote_active":false,"_monsterinsights_sitenote_note":"","_monsterinsights_sitenote_category":0,"_uf_show_specific_survey":0,"_uf_disable_surveys":false},"product_cat":[56],"product_tag":[],"aioseo_notices":[],"jetpack_sharing_enabled":true,"_links":{"self":[{"href":"https:\/\/casadolivreiro.pt\/index.php\/wp-json\/wp\/v2\/product\/6645"}],"collection":[{"href":"https:\/\/casadolivreiro.pt\/index.php\/wp-json\/wp\/v2\/product"}],"about":[{"href":"https:\/\/casadolivreiro.pt\/index.php\/wp-json\/wp\/v2\/types\/product"}],"replies":[{"embeddable":true,"href":"https:\/\/casadolivreiro.pt\/index.php\/wp-json\/wp\/v2\/comments?post=6645"}],"wp:featuredmedia":[{"embeddable":true,"href":"https:\/\/casadolivreiro.pt\/index.php\/wp-json\/wp\/v2\/media\/6646"}],"wp:attachment":[{"href":"https:\/\/casadolivreiro.pt\/index.php\/wp-json\/wp\/v2\/media?parent=6645"}],"wp:term":[{"taxonomy":"product_cat","embeddable":true,"href":"https:\/\/casadolivreiro.pt\/index.php\/wp-json\/wp\/v2\/product_cat?post=6645"},{"taxonomy":"product_tag","embeddable":true,"href":"https:\/\/casadolivreiro.pt\/index.php\/wp-json\/wp\/v2\/product_tag?post=6645"}],"curies":[{"name":"wp","href":"https:\/\/api.w.org\/{rel}","templated":true}]}}