{"id":6643,"date":"2026-03-15T15:48:23","date_gmt":"2026-03-15T15:48:23","guid":{"rendered":"https:\/\/casadolivreiro.pt\/?post_type=product&#038;p=6643"},"modified":"2026-03-15T15:48:23","modified_gmt":"2026-03-15T15:48:23","slug":"a-flor-e-a-guerra-o-dialogo-e-o-mito-manuel-barao-da-cunha","status":"publish","type":"product","link":"https:\/\/casadolivreiro.pt\/index.php\/product\/a-flor-e-a-guerra-o-dialogo-e-o-mito-manuel-barao-da-cunha\/","title":{"rendered":"A FLOR E A GUERRA ( O di\u00e1logo e o mito) &#8211; Manuel Bar\u00e3o da Cunha"},"content":{"rendered":"<p>A FLOR E A GUERRA ( O di\u00e1logo e o mito)<\/p>\n<p>Manuel Bar\u00e3o da Cunha<\/p>\n<p>Ano de edi\u00e7\u00e3o: 1974<\/p>\n<p>Editor: Parceria A. M. Pereira<\/p>\n<p>Idioma: Portugu\u00eas<\/p>\n<p>Dimens\u00f5es: 11 x 1.3 x 16.2cm<\/p>\n<p>Encaderna\u00e7\u00e3o: Capa mole<\/p>\n<p>P\u00e1ginas: 248<\/p>\n","protected":false},"excerpt":{"rendered":"<p>A FLOR E A GUERRA ( O di\u00e1logo e o mito) Manuel Bar\u00e3o da Cunha Ano de edi\u00e7\u00e3o: 1974 Editor: Parceria A. M. Pereira Idioma: Portugu\u00eas Dimens\u00f5es: 11 x 1.3 x 16.2cm Encaderna\u00e7\u00e3o: Capa mole P\u00e1ginas: 248<\/p>\n","protected":false},"featured_media":6644,"comment_status":"open","ping_status":"closed","template":"","meta":{"om_disable_all_campaigns":false,"_monsterinsights_skip_tracking":false,"_monsterinsights_sitenote_active":false,"_monsterinsights_sitenote_note":"","_monsterinsights_sitenote_category":0,"_uf_show_specific_survey":0,"_uf_disable_surveys":false},"product_cat":[30,25,36],"product_tag":[],"aioseo_notices":[],"jetpack_sharing_enabled":true,"_links":{"self":[{"href":"https:\/\/casadolivreiro.pt\/index.php\/wp-json\/wp\/v2\/product\/6643"}],"collection":[{"href":"https:\/\/casadolivreiro.pt\/index.php\/wp-json\/wp\/v2\/product"}],"about":[{"href":"https:\/\/casadolivreiro.pt\/index.php\/wp-json\/wp\/v2\/types\/product"}],"replies":[{"embeddable":true,"href":"https:\/\/casadolivreiro.pt\/index.php\/wp-json\/wp\/v2\/comments?post=6643"}],"wp:featuredmedia":[{"embeddable":true,"href":"https:\/\/casadolivreiro.pt\/index.php\/wp-json\/wp\/v2\/media\/6644"}],"wp:attachment":[{"href":"https:\/\/casadolivreiro.pt\/index.php\/wp-json\/wp\/v2\/media?parent=6643"}],"wp:term":[{"taxonomy":"product_cat","embeddable":true,"href":"https:\/\/casadolivreiro.pt\/index.php\/wp-json\/wp\/v2\/product_cat?post=6643"},{"taxonomy":"product_tag","embeddable":true,"href":"https:\/\/casadolivreiro.pt\/index.php\/wp-json\/wp\/v2\/product_tag?post=6643"}],"curies":[{"name":"wp","href":"https:\/\/api.w.org\/{rel}","templated":true}]}}